{"id":101,"date":"2014-06-17T12:54:35","date_gmt":"2014-06-17T12:54:35","guid":{"rendered":"http:\/\/hoermann-kmt.at\/wordpress\/?page_id=101"},"modified":"2019-03-22T19:05:20","modified_gmt":"2019-03-22T19:05:20","slug":"eci-elektronische-kompaktsirene","status":"publish","type":"page","link":"https:\/\/hoermann-kmt.at\/wordpress\/produkte\/sirenentechnik\/eci-elektronische-kompaktsirene\/","title":{"rendered":"ECI &#8211; Elektronische Kompaktsirene"},"content":{"rendered":"<p style=\"color: #3d3d3d;\">Die ECI-Sirene wurde von H\u00d6RMANN entwickelt, um unseren Kunden einen Ersatz f\u00fcr die nicht mehr zeitgem\u00e4\u00dfe Motorsirene E57 anbieten zu k\u00f6nnen.<br \/>\nDiese elektronische Sirene besitzt gegen\u00fcber der Motorsirene den entscheidenden Vorteil, dass sie auch bei fehlender Netzspannung (z. B. Stromabschaltung bei Hochwasser) weiterhin voll funktionsf\u00e4hig ist, da sie \u00fcber die integrierten Batterien mit Strom versorgt wird.<\/p>\n<p style=\"color: #3d3d3d;\">Die ECI-Sirene ist eine kosteng\u00fcnstige, aber dennoch hochwertige Alternative, wenn alte Motorsirenen ausgetauscht werden sollen, bzw. ein Sirenensystem ohne komplexe \u00dcberwachungsm\u00f6glichkeiten realisiert werden soll.<\/p>\n<p><b>Akustische Merkmale<\/b><\/p>\n<ul style=\"color: #000000;\">\n<li>Schallausbreitung omnidirektional oder gerichtet<\/li>\n<li>Bis zu 4 kundenspezifische Alarmsignale k\u00f6nnen programmiert werden<\/li>\n<li>Sprachf\u00e4higkeit \u2013 Gespeicherte Textnachrichten und\/oder live Sprachdurchsagen<\/li>\n<li>Extrem hoher Wirkungsgrad dB\/W<\/li>\n<\/ul>\n<p><b>Funktionen<\/b><\/p>\n<ul style=\"color: #000000;\">\n<li>Lokale Ausl\u00f6sung\/Test<\/li>\n<li>Sonderl\u00f6sungen f\u00fcr Betrieb bei extremen Umgebungstemperaturen erh\u00e4ltlich<\/li>\n<\/ul>\n<p><b>Betriebsarten<\/b><\/p>\n<ul style=\"color: #000000;\">\n<li>Lokale Ausl\u00f6sung<\/li>\n<li>Ausl\u00f6sung \u00fcber Fernsteuerung<\/li>\n<li>Ausl\u00f6sung \u00fcber abgesetztes Bedienterminal<\/li>\n<li>Sprachdurchsagen<\/li>\n<\/ul>\n<p><b>Technische Daten<\/b><\/p>\n<ul style=\"color: #000000;\">\n<li>Unabh\u00e4ngigkeit von der Netzspannung durch Batterieversorgung<\/li>\n<li>Stromversorgung 230V, 50Hz, 110V, 60Hz<\/li>\n<\/ul>\n<p><b>Mechanischen Daten<\/b><\/p>\n<ul style=\"color: #000000;\">\n<li>19&#8243;-Technologie garantiert geringen Wartungsaufwand und Erweiterbarkeit<\/li>\n<li>Keine beweglichen Teile wie L\u00fcfter oder Festplatten<\/li>\n<li>Sirenenschrank f\u00fcr Innen- und Au\u00dfenmontage erh\u00e4ltlich<\/li>\n<li>Sirenenkopf aus witterungsbest\u00e4ndigem Aluminium, flexibel konfigurierbar<\/li>\n<\/ul>\n<p style=\"padding-left: 30px;\"><a href=\"\/wordpress\/wp-content\/uploads\/2014\/06\/eci.jpg\"><img decoding=\"async\" loading=\"lazy\" class=\"alignnone wp-image-116 size-full\" src=\"https:\/\/hoermann-kmt.at\/wordpress\/wp-content\/uploads\/2014\/06\/eci.jpg\" alt=\"eci\" width=\"480\" height=\"320\" srcset=\"https:\/\/hoermann-kmt.at\/wordpress\/wp-content\/uploads\/2014\/06\/eci.jpg 480w, https:\/\/hoermann-kmt.at\/wordpress\/wp-content\/uploads\/2014\/06\/eci-300x200.jpg 300w, https:\/\/hoermann-kmt.at\/wordpress\/wp-content\/uploads\/2014\/06\/eci-225x150.jpg 225w, https:\/\/hoermann-kmt.at\/wordpress\/wp-content\/uploads\/2014\/06\/eci-150x100.jpg 150w\" sizes=\"(max-width: 480px) 100vw, 480px\" \/><\/a><\/p>\n","protected":false},"excerpt":{"rendered":"<p>Die ECI-Sirene wurde von H\u00d6RMANN entwickelt, um unseren Kunden einen Ersatz f\u00fcr die nicht mehr zeitgem\u00e4\u00dfe Motorsirene E57 anbieten zu k\u00f6nnen. Diese elektronische Sirene besitzt gegen\u00fcber der Motorsirene den entscheidenden Vorteil, dass sie auch bei fehlender Netzspannung (z. B. Stromabschaltung bei Hochwasser) weiterhin voll funktionsf\u00e4hig ist, da sie \u00fcber die \u2026 <a class=\"continue-reading-link\" href=\"https:\/\/hoermann-kmt.at\/wordpress\/produkte\/sirenentechnik\/eci-elektronische-kompaktsirene\/\"> Continue reading <span class=\"meta-nav\">&rarr; <\/span><\/a><\/p>\n","protected":false},"author":1,"featured_media":0,"parent":14,"menu_order":0,"comment_status":"closed","ping_status":"closed","template":"","meta":[],"aioseo_notices":[],"_links":{"self":[{"href":"https:\/\/hoermann-kmt.at\/wordpress\/wp-json\/wp\/v2\/pages\/101"}],"collection":[{"href":"https:\/\/hoermann-kmt.at\/wordpress\/wp-json\/wp\/v2\/pages"}],"about":[{"href":"https:\/\/hoermann-kmt.at\/wordpress\/wp-json\/wp\/v2\/types\/page"}],"author":[{"embeddable":true,"href":"https:\/\/hoermann-kmt.at\/wordpress\/wp-json\/wp\/v2\/users\/1"}],"replies":[{"embeddable":true,"href":"https:\/\/hoermann-kmt.at\/wordpress\/wp-json\/wp\/v2\/comments?post=101"}],"version-history":[{"count":4,"href":"https:\/\/hoermann-kmt.at\/wordpress\/wp-json\/wp\/v2\/pages\/101\/revisions"}],"predecessor-version":[{"id":551,"href":"https:\/\/hoermann-kmt.at\/wordpress\/wp-json\/wp\/v2\/pages\/101\/revisions\/551"}],"up":[{"embeddable":true,"href":"https:\/\/hoermann-kmt.at\/wordpress\/wp-json\/wp\/v2\/pages\/14"}],"wp:attachment":[{"href":"https:\/\/hoermann-kmt.at\/wordpress\/wp-json\/wp\/v2\/media?parent=101"}],"curies":[{"name":"wp","href":"https:\/\/api.w.org\/{rel}","templated":true}]}}