{"id":103,"date":"2014-06-17T12:55:10","date_gmt":"2014-06-17T12:55:10","guid":{"rendered":"http:\/\/hoermann-kmt.at\/wordpress\/?page_id=103"},"modified":"2019-03-19T16:02:59","modified_gmt":"2019-03-19T16:02:59","slug":"rtu","status":"publish","type":"page","link":"https:\/\/hoermann-kmt.at\/wordpress\/produkte\/sirenentechnik\/rtu\/","title":{"rendered":"RTU"},"content":{"rendered":"<p style=\"color: #3d3d3d;\">F\u00fcr die nahtlose Integration bestehender Endger\u00e4te sowie die Ansteuerung von Sensoren und Aktoren bieten wir die Remote Terminal Unit \u2013 RTU. Digitale I\/O sowie serielle Schnittstellen erlauben die Steuerung und Integration verschiedenster Endger\u00e4te von Drittherstellern.<\/p>\n<p style=\"color: #3d3d3d;\">F\u00fcr die Anbindung an das Sirenennetzwerk stehen ebenso flexible M\u00f6glichkeiten wie bei der ECN-Sirene zur Verf\u00fcgung.<\/p>\n<p style=\"color: #3d3d3d;\"><b>Funktionen<\/b><\/p>\n<ul>\n<li>Fernausl\u00f6sung \u00fcber Funk \/\/ Draht \/\/ GSM<\/li>\n<li>Endger\u00e4teansteuerung \u00fcber serielles Protokoll (herstellerspezifische Protokolle\u00a0k\u00f6nnen adaptiert werden)<\/li>\n<li>Endger\u00e4teansteuerung \u00fcber digital I\/O<\/li>\n<li>Generierung parametrierbarer Zeitsteueralarme f\u00fcr relaisgesteuerte Sirenen<br \/>\n(z. B. Motorsirene)<\/li>\n<li>Sprachf\u00e4higkeit \u2013 Gespeicherte Textnachrichten und\/oder live Sprachdurchsagen (wenn vom Endger\u00e4t unterst\u00fctzt)<\/li>\n<li>Integrierte, automatische Selbst\u00fcberwachung \u2013 BITE (Built-In Test Equipment)<\/li>\n<li>\u00dcberwachung des Endger\u00e4tes (digital, analog, seriell)<\/li>\n<\/ul>\n<p style=\"color: #3d3d3d;\"><b>Technische Daten<\/b><\/p>\n<ul>\n<li>Stromversorgung 230V, 50Hz, 110V, 60Hz<\/li>\n<li>Unabh\u00e4ngigkeit von der Netzspannung durch integrierte Batterien<\/li>\n<li>Steuereinheit mit embedded ARM7-Prozessor<\/li>\n<li>RTX Echtzeit-Multitasking-Betriebssystem<\/li>\n<li>Freie serielle RS232-Schnittstellen<\/li>\n<li>Freie digital I\/O<\/li>\n<\/ul>\n<p style=\"color: #3d3d3d;\"><b>Mechanische Daten<\/b><\/p>\n<ul>\n<li>Schrank f\u00fcr Innen- und Au\u00dfenmontage erh\u00e4ltlich<\/li>\n<li>19&#8243;-Europakarten-Technologie garantiert geringen Wartungsaufwand und einfache Erweiterbarkeit<\/li>\n<li>Freie Steckpl\u00e4tze f\u00fcr Erweiterungen<\/li>\n<li>Keine beweglichen Teile wie L\u00fcfter oder Festplatten<\/li>\n<\/ul>\n<p style=\"padding-left: 30px;\"><a href=\"\/wordpress\/wp-content\/uploads\/2014\/06\/rtu_01.jpg\"><img decoding=\"async\" loading=\"lazy\" class=\"alignnone wp-image-118 size-full\" src=\"https:\/\/hoermann-kmt.at\/wordpress\/wp-content\/uploads\/2014\/06\/rtu_01.jpg\" alt=\"rtu_01\" width=\"480\" height=\"320\" srcset=\"https:\/\/hoermann-kmt.at\/wordpress\/wp-content\/uploads\/2014\/06\/rtu_01.jpg 480w, https:\/\/hoermann-kmt.at\/wordpress\/wp-content\/uploads\/2014\/06\/rtu_01-300x200.jpg 300w, https:\/\/hoermann-kmt.at\/wordpress\/wp-content\/uploads\/2014\/06\/rtu_01-225x150.jpg 225w, https:\/\/hoermann-kmt.at\/wordpress\/wp-content\/uploads\/2014\/06\/rtu_01-150x100.jpg 150w\" sizes=\"(max-width: 480px) 100vw, 480px\" \/><\/a><\/p>\n","protected":false},"excerpt":{"rendered":"<p>F\u00fcr die nahtlose Integration bestehender Endger\u00e4te sowie die Ansteuerung von Sensoren und Aktoren bieten wir die Remote Terminal Unit \u2013 RTU. Digitale I\/O sowie serielle Schnittstellen erlauben die Steuerung und Integration verschiedenster Endger\u00e4te von Drittherstellern. F\u00fcr die Anbindung an das Sirenennetzwerk stehen ebenso flexible M\u00f6glichkeiten wie bei der ECN-Sirene zur \u2026 <a class=\"continue-reading-link\" href=\"https:\/\/hoermann-kmt.at\/wordpress\/produkte\/sirenentechnik\/rtu\/\"> Continue reading <span class=\"meta-nav\">&rarr; <\/span><\/a><\/p>\n","protected":false},"author":1,"featured_media":0,"parent":14,"menu_order":0,"comment_status":"closed","ping_status":"closed","template":"","meta":[],"aioseo_notices":[],"_links":{"self":[{"href":"https:\/\/hoermann-kmt.at\/wordpress\/wp-json\/wp\/v2\/pages\/103"}],"collection":[{"href":"https:\/\/hoermann-kmt.at\/wordpress\/wp-json\/wp\/v2\/pages"}],"about":[{"href":"https:\/\/hoermann-kmt.at\/wordpress\/wp-json\/wp\/v2\/types\/page"}],"author":[{"embeddable":true,"href":"https:\/\/hoermann-kmt.at\/wordpress\/wp-json\/wp\/v2\/users\/1"}],"replies":[{"embeddable":true,"href":"https:\/\/hoermann-kmt.at\/wordpress\/wp-json\/wp\/v2\/comments?post=103"}],"version-history":[{"count":3,"href":"https:\/\/hoermann-kmt.at\/wordpress\/wp-json\/wp\/v2\/pages\/103\/revisions"}],"predecessor-version":[{"id":550,"href":"https:\/\/hoermann-kmt.at\/wordpress\/wp-json\/wp\/v2\/pages\/103\/revisions\/550"}],"up":[{"embeddable":true,"href":"https:\/\/hoermann-kmt.at\/wordpress\/wp-json\/wp\/v2\/pages\/14"}],"wp:attachment":[{"href":"https:\/\/hoermann-kmt.at\/wordpress\/wp-json\/wp\/v2\/media?parent=103"}],"curies":[{"name":"wp","href":"https:\/\/api.w.org\/{rel}","templated":true}]}}