{"id":105,"date":"2014-06-17T12:56:20","date_gmt":"2014-06-17T12:56:20","guid":{"rendered":"http:\/\/hoermann-kmt.at\/wordpress\/?page_id=105"},"modified":"2019-03-19T16:02:07","modified_gmt":"2019-03-19T16:02:07","slug":"mobela-150-digital-mobile-lautsprecher-und-sirenenanlage","status":"publish","type":"page","link":"https:\/\/hoermann-kmt.at\/wordpress\/produkte\/sirenentechnik\/mobela-150-digital-mobile-lautsprecher-und-sirenenanlage\/","title":{"rendered":"MOBELA 150 digital \u2013 Mobile Lautsprecher- und Sirenenanlage"},"content":{"rendered":"<p style=\"color: #3d3d3d;\">Die MOBELA 150-D ist weit mehr als nur eine mobile Sirene! Gegen\u00fcber herk\u00f6mmlichen Warnanlagen, die nur Sirenensignale und Warnt\u00f6ne wiedergeben k\u00f6nnen, bietet die MOBELA die M\u00f6glichkeit, mit Hilfe eines Mikrofons vorab gespeicherte oder selbst aufgenommene Warntexte und Informationsdurchsagen wiederzugeben.<\/p>\n<p style=\"color: #3d3d3d;\">Auch \u00fcber das SD-Karten-Laufwerk der MOBELA 150-D\/SDC oder den USB-Anschluss und das CD-Radio der MOBELA 150-D\/DA lassen sich sehr leicht selbst verfasste Warntexte abspielen.<\/p>\n<p style=\"color: #3d3d3d;\">Wenn bei einem Schadensfall ein abgesetzter Betrieb der MOBELA notwendig wird, lassen sich die Durchsagen mit dem Funkmikrofon der MOBELA 150-D\/FuMi auch aus der Entfernung realisieren.<\/p>\n<p style=\"color: #3d3d3d;\">Die MOBELA 150-D stellt damit f\u00fcr alle Beh\u00f6rden und Organisationen mit Sicherheitsaufgaben (BOS) ein effektives, mobiles Warnmittel zur Warnung und Information der Bev\u00f6lkerung dar.<\/p>\n<p style=\"color: #3d3d3d;\"><span style=\"font-weight: bold;\">Akustische Merkmale<\/span><\/p>\n<ul>\n<li>Akustische Leistung: 126 dB \/ 1 m<\/li>\n<li>Schallausbreitung 360\u00b0 horizontal \/ 270\u00b0 vertikal effektiv<\/li>\n<li>Elektrische Leistung: 150 W max., 100 W Dauer<\/li>\n<li>Frequenzgang: 180 Hz &#8211; 7 KHz<\/li>\n<li>Impedanz: 8 Ohm<\/li>\n<\/ul>\n<p style=\"color: #3d3d3d;\"><b>Funktionen<\/b><\/p>\n<ul>\n<li>Mikrofon-Direktdurchsagen<\/li>\n<li>Textaufzeichnung \u00fcber Mikrofon und AUX<\/li>\n<li>Textwiedergabe intern\/extern<\/li>\n<li>Signalwiedergabe z.B.\n<ul>\n<li style=\"color: #3d3d3d;\">Feueralarm 420 Hz, Dauerton 60 Sek., 2 x unterbrochen<\/li>\n<li style=\"color: #3d3d3d;\">Katastrophenalarm 300\/420 Hz, Heulton 60 Sek.<\/li>\n<li style=\"color: #3d3d3d;\">Entwarnung 420 Hz, Dauerton 60 Sek.<\/li>\n<li style=\"color: #3d3d3d;\">Objektr\u00e4umung DIN Signal 33 404<\/li>\n<li style=\"color: #3d3d3d;\">Sondersignal 300 Hz \/ 420 Hz Wechselton (Martinshorn)<\/li>\n<\/ul>\n<\/li>\n<li>Gongsignal (2\/3 Klang)<\/li>\n<li>Sprachwiedergabe stufenlos regelbar<\/li>\n<li>Signalwiedergabe 3-stufig schaltbar<\/li>\n<\/ul>\n<p style=\"color: #3d3d3d;\"><b>Technische Daten<\/b><\/p>\n<ul>\n<li>Stromversorgung 12V, 16 A max.<\/li>\n<li>Powerstation 12V \/18Ah, f\u00fcr bis zu 1 Std. Sirenen,- bzw. 5 Std. Sprach- Betrieb (optional erh\u00e4ltlich)<\/li>\n<\/ul>\n<h3 style=\"color: #3d3d3d;\"><b>Mechanische Daten<\/b><\/h3>\n<p style=\"color: #3d3d3d;\"><b>Lautsprecher<\/b><\/p>\n<ul>\n<li>Druckkammersystem<\/li>\n<li>Elektr. Leistung: 150 W max., 100 W Dauer<\/li>\n<li>Akust. Leistung: 126 dB \/ 1 m<\/li>\n<li>Frequenzgang: 180 Hz &#8211; 7 Khz<\/li>\n<li>Impedanz: 8 Ohm<\/li>\n<li>Gewicht: 8 kg<\/li>\n<li>Geh\u00e4usema\u00dfe: H = 300 mm, Kugel \u00d8 254 mm,<\/li>\n<li>Reflektor \u00d8 382 mm<\/li>\n<li>Material: Polystyren (schlagfest)<\/li>\n<li>Farbe: wei\u00df, lackierf\u00e4hig<\/li>\n<li>(optional alle RAL-Farben)<\/li>\n<li>Befestigung: Haftmagnetplatte 260 x 260 x 2 mm,<\/li>\n<li>T\u00dcV-gepr\u00fcft, geeignet f\u00fcr PKW-Dachstellfl\u00e4chen<\/li>\n<li>aus glattfl\u00e4chigem Stahlblech<\/li>\n<li>4 Schraubbefestigungspunkte f\u00fcr optionale Festmontage<\/li>\n<\/ul>\n<p style=\"color: #3d3d3d;\"><b>Steuerger\u00e4t 150 D<\/b><\/p>\n<ul style=\"color: #000000;\">\n<li style=\"color: #3d3d3d;\">Ma\u00dfe o. Tragegriff:<\/li>\n<\/ul>\n<p style=\"color: #3d3d3d;\">B = 260 mm, T = 280 mm, H (150 D) = 150 mm, H (150 D\/SDC) = 150 mm,<\/p>\n<p style=\"color: #3d3d3d;\">H (150 DA) = 250 mm, H (150 D-FuMi) = 250 mm, H (150 ZG) = 150 mm<\/p>\n<ul>\n<li>Gewicht: 2,5 kg<\/li>\n<li>Material: Aluminium<\/li>\n<li>Farbe: Natur eloxal \/ beige<\/li>\n<\/ul>\n","protected":false},"excerpt":{"rendered":"<p>Die MOBELA 150-D ist weit mehr als nur eine mobile Sirene! Gegen\u00fcber herk\u00f6mmlichen Warnanlagen, die nur Sirenensignale und Warnt\u00f6ne wiedergeben k\u00f6nnen, bietet die MOBELA die M\u00f6glichkeit, mit Hilfe eines Mikrofons vorab gespeicherte oder selbst aufgenommene Warntexte und Informationsdurchsagen wiederzugeben. Auch \u00fcber das SD-Karten-Laufwerk der MOBELA 150-D\/SDC oder den USB-Anschluss und \u2026 <a class=\"continue-reading-link\" href=\"https:\/\/hoermann-kmt.at\/wordpress\/produkte\/sirenentechnik\/mobela-150-digital-mobile-lautsprecher-und-sirenenanlage\/\"> Continue reading <span class=\"meta-nav\">&rarr; <\/span><\/a><\/p>\n","protected":false},"author":1,"featured_media":0,"parent":14,"menu_order":0,"comment_status":"closed","ping_status":"closed","template":"","meta":[],"aioseo_notices":[],"_links":{"self":[{"href":"https:\/\/hoermann-kmt.at\/wordpress\/wp-json\/wp\/v2\/pages\/105"}],"collection":[{"href":"https:\/\/hoermann-kmt.at\/wordpress\/wp-json\/wp\/v2\/pages"}],"about":[{"href":"https:\/\/hoermann-kmt.at\/wordpress\/wp-json\/wp\/v2\/types\/page"}],"author":[{"embeddable":true,"href":"https:\/\/hoermann-kmt.at\/wordpress\/wp-json\/wp\/v2\/users\/1"}],"replies":[{"embeddable":true,"href":"https:\/\/hoermann-kmt.at\/wordpress\/wp-json\/wp\/v2\/comments?post=105"}],"version-history":[{"count":3,"href":"https:\/\/hoermann-kmt.at\/wordpress\/wp-json\/wp\/v2\/pages\/105\/revisions"}],"predecessor-version":[{"id":549,"href":"https:\/\/hoermann-kmt.at\/wordpress\/wp-json\/wp\/v2\/pages\/105\/revisions\/549"}],"up":[{"embeddable":true,"href":"https:\/\/hoermann-kmt.at\/wordpress\/wp-json\/wp\/v2\/pages\/14"}],"wp:attachment":[{"href":"https:\/\/hoermann-kmt.at\/wordpress\/wp-json\/wp\/v2\/media?parent=105"}],"curies":[{"name":"wp","href":"https:\/\/api.w.org\/{rel}","templated":true}]}}