{"id":11,"date":"2014-06-16T08:52:48","date_gmt":"2014-06-16T08:52:48","guid":{"rendered":"http:\/\/hoermann-kmt.at\/wordpress\/?page_id=11"},"modified":"2014-06-17T09:20:31","modified_gmt":"2014-06-17T09:20:31","slug":"produkte","status":"publish","type":"page","link":"https:\/\/hoermann-kmt.at\/wordpress\/produkte\/","title":{"rendered":"Unsere Produkte"},"content":{"rendered":"<p style=\"text-align: justify;\">Wir bieten eine Vielzahl an Produkten sowie Systemen zur Fr\u00fchwarnung an. Dabei stimmen wir unser Angebot stets auf die Erfordernisse des Kunden ab.<\/p>\n<p style=\"text-align: justify;\">Zu unseren Produkten geh\u00f6ren:<\/p>\n<p style=\"text-align: justify;\"><strong>Sirenen<\/strong><br \/>\nBereits seit Anfang der 1990er Jahre sind wir Vorreiter in der Entwicklung und Produktion von elektronischen Sirenen. Seit dieser Zeit wurde die Produktpalette der ECN- und ECI-Sirenen st\u00e4ndig erweitert und dem neuesten Stand der Technik angepasst.<br \/>\nZus\u00e4tzlich bieten wir auch L\u00f6sungen f\u00fcr die Alarmierung im Inneren von Geb\u00e4uden sowie RTU-L\u00f6sungen f\u00fcr die Ansteuerung von bereits vorhandenen Endger\u00e4ten wie z. B. Sensoren.<\/p>\n<p style=\"text-align: justify;\"><strong>Netzwerkkomponenten<\/strong><br \/>\nF\u00fcr die Ansteuerung der Sirenen in funk- und drahtgest\u00fctzten Systemen bieten wir die n\u00f6tige Infrastruktur. Die Palette reicht vom einfachen &#8222;talk-through&#8220;-Repeater bis hin zur intelligenten Basisstation. Mit diesen Bausteinen lassen sich auf einfache Weise auch komplexe Netzinfrastrukturen transparent aufbauen und autark betreiben.<\/p>\n<p style=\"text-align: justify;\"><strong>Zentralentechnik<\/strong><br \/>\nF\u00fcr die Steuerung und \u00dcberwachung von Sirenensystemen bieten wir<br \/>\nControl Panel (Bedienkonsolen) mit LCD-Anzeige und Folientastatur bis hin zum PC-gest\u00fctzen Leitstellenplatz mit kartenbasierter grafischer Benutzeroberfl\u00e4che.<\/p>\n<p style=\"text-align: justify;\"><strong>Systeme<\/strong><br \/>\nWir sind Ihr Ansprechpartner f\u00fcr Systeml\u00f6sungen aller Art. Wir bieten standardisierte modulare Kleinsysteme f\u00fcr Industriekomplexe und Kleinst\u00e4dte.<br \/>\nUnsere kundenspezifischen L\u00f6sungen unter dem Konzept Gro\u00dfsysteme sind f\u00fcr Gro\u00dfst\u00e4dte sowie landesweit vernetzte Warnsysteme entwickelt worden.<\/p>\n<p style=\"text-align: justify;\"><strong>Sirenenstandorte<\/strong><br \/>\nSeitenwandmontage, Dachmontage, Mastmontage \u2013 wir bieten f\u00fcr vielf\u00e4ltige Installationsarten die richtigen L\u00f6sungen an.<\/p>\n<p style=\"text-align: justify;\"><strong>Dienstleistungen<\/strong><br \/>\nUnsere Experten begleiten Sie mit Rat und Tat bei der Bedarfsermittlung, bei der Planung, Installation, bis hin zur Test- und Abnahmephase des Sirenensystems. Mit unserem Garantie-, Wartungs- und Support-Service finden Sie jederzeit kompetente Ansprechpartner f\u00fcr den gesamten Lebenszyklus ihres Sirenenwarnsystems.<br \/>\nDie gro\u00dfe Anzahl verschiedenartiger Sirenenwarnsysteme, die von H\u00d6RMANN seit mehr als 50 Jahren weltweit geplant, installiert und gewartet werden, sind Beweis f\u00fcr unsere gute Arbeit und das Vertrauen der Kunden in unsere Technologie und Erfahrung.<br \/>\nBei Fragen nehmen Sie <a href=\"mailto:office@hoermann-kmt.at\">Kontakt<\/a> zu uns auf, wir helfen Ihnen, die geeignete L\u00f6sung f\u00fcr Ihren Anwendungsfall zu finden.<\/p>\n","protected":false},"excerpt":{"rendered":"<p>Wir bieten eine Vielzahl an Produkten sowie Systemen zur Fr\u00fchwarnung an. Dabei stimmen wir unser Angebot stets auf die Erfordernisse des Kunden ab. Zu unseren Produkten geh\u00f6ren: Sirenen Bereits seit Anfang der 1990er Jahre sind wir Vorreiter in der Entwicklung und Produktion von elektronischen Sirenen. Seit dieser Zeit wurde die \u2026 <a class=\"continue-reading-link\" href=\"https:\/\/hoermann-kmt.at\/wordpress\/produkte\/\"> Continue reading <span class=\"meta-nav\">&rarr; <\/span><\/a><\/p>\n","protected":false},"author":1,"featured_media":0,"parent":0,"menu_order":0,"comment_status":"closed","ping_status":"closed","template":"template-twocolumns-right.php","meta":[],"aioseo_notices":[],"_links":{"self":[{"href":"https:\/\/hoermann-kmt.at\/wordpress\/wp-json\/wp\/v2\/pages\/11"}],"collection":[{"href":"https:\/\/hoermann-kmt.at\/wordpress\/wp-json\/wp\/v2\/pages"}],"about":[{"href":"https:\/\/hoermann-kmt.at\/wordpress\/wp-json\/wp\/v2\/types\/page"}],"author":[{"embeddable":true,"href":"https:\/\/hoermann-kmt.at\/wordpress\/wp-json\/wp\/v2\/users\/1"}],"replies":[{"embeddable":true,"href":"https:\/\/hoermann-kmt.at\/wordpress\/wp-json\/wp\/v2\/comments?post=11"}],"version-history":[{"count":4,"href":"https:\/\/hoermann-kmt.at\/wordpress\/wp-json\/wp\/v2\/pages\/11\/revisions"}],"predecessor-version":[{"id":57,"href":"https:\/\/hoermann-kmt.at\/wordpress\/wp-json\/wp\/v2\/pages\/11\/revisions\/57"}],"wp:attachment":[{"href":"https:\/\/hoermann-kmt.at\/wordpress\/wp-json\/wp\/v2\/media?parent=11"}],"curies":[{"name":"wp","href":"https:\/\/api.w.org\/{rel}","templated":true}]}}