{"id":14,"date":"2014-06-16T08:56:09","date_gmt":"2014-06-16T08:56:09","guid":{"rendered":"http:\/\/hoermann-kmt.at\/wordpress\/?page_id=14"},"modified":"2019-03-19T15:41:35","modified_gmt":"2019-03-19T15:41:35","slug":"sirenentechnik","status":"publish","type":"page","link":"https:\/\/hoermann-kmt.at\/wordpress\/produkte\/sirenentechnik\/","title":{"rendered":"Sirenentechnik"},"content":{"rendered":"<h2 style=\"font-weight: bold; color: #3d3d3d;\">Unsere Dienstleistungen f\u00fcr Sie<\/h2>\n<p style=\"color: #3d3d3d;\">Unsere Experten begleiten Sie mit Rat und Tat bei der Bedarfsermittlung, bei der Planung, Installation, bis hin zur Test- und Abnahmephase des Sirenensystems. Mit unserem Garantie-, Wartungs- und Support-Service finden Sie jederzeit kompetente\u00a0<a href=\"mailto:office@hoermann-kmt.at\">Ansprechpartner<\/a>\u00a0f\u00fcr den gesamten Lebenszyklus ihrer Sirenenwarnsysteme.<\/p>\n<h3 style=\"font-weight: bold; color: #4b4b4b;\">Bestandsaufnahme<\/h3>\n<p style=\"color: #3d3d3d;\">Eine umfassende und gr\u00fcndliche Bestandsaufnahme ist ein wichtiger Bestandteil f\u00fcr die erfolgreiche Umsetzung eines neuen Sirenensystems. Einige ausgew\u00e4hlte Merkmale, die wir bereits zu Beginn erfassen:<\/p>\n<ul>\n<li>Zu beschallendes Gebiet<\/li>\n<li>Vorhandene Standorte<\/li>\n<li>Vorhandene Sirenen<\/li>\n<li>Netzwerkstruktur<\/li>\n<li>Durchschnittlicher Umgebungsl\u00e4rm<\/li>\n<li>Leitstand (neu oder vorhanden)<\/li>\n<li>Betreiber des Systems<\/li>\n<\/ul>\n<h3 style=\"font-weight: bold; color: #4b4b4b;\">Konzepterstellung \/ Standortplanung<\/h3>\n<p style=\"color: #3d3d3d;\">Auf Basis der Kundenanforderungen und der Bestandsaufnahme erstellen wir ein Systemkonzept, das die Grundlage f\u00fcr weitere Gespr\u00e4che bildet.<\/p>\n<ul>\n<li>Systemstruktur-Skizze<\/li>\n<li>Umfang Zentralentechnik<\/li>\n<li>Bedienfunktionalit\u00e4ten (PC oder Konsole)<\/li>\n<li>Infrastruktur<\/li>\n<li>Ausfallsicherheitskonzept<\/li>\n<li>Sirenen-Typen und -Anzahl<\/li>\n<li>Alarmszenarien<\/li>\n<li>Grafisches Schallausbreitungsmodell<\/li>\n<li>Pflichtenheft als Bestandteil des Angebots<\/li>\n<\/ul>\n<p style=\"color: #3d3d3d;\">Die Planung der Sirenenstandorte erfolgt anhand einer Planungssoftware und unter Ber\u00fccksichtung aller Kriterien, die die Schallausbreitung beeinflussen sowie des vorhandenen nat\u00fcrlichen Ger\u00e4uschpegels der Umgebung.<br \/>\nDie kundenspezifische Entwicklung, Produktion, Installation und Wartung werden individuell gehandhabt.<\/p>\n<p style=\"color: #333333;\">In der rechten Spalte k\u00f6nnen\u00a0Sie Prospektmaterieal unserer H\u00d6RMANN Sirenenprodukte downloaden.<br \/>\nBitte kontaktieren Sie uns, wir beraten Sie gerne um f\u00fcr Sie die ideale L\u00f6sung zu finden.<\/p>\n","protected":false},"excerpt":{"rendered":"<p>Unsere Dienstleistungen f\u00fcr Sie Unsere Experten begleiten Sie mit Rat und Tat bei der Bedarfsermittlung, bei der Planung, Installation, bis hin zur Test- und Abnahmephase des Sirenensystems. Mit unserem Garantie-, Wartungs- und Support-Service finden Sie jederzeit kompetente\u00a0Ansprechpartner\u00a0f\u00fcr den gesamten Lebenszyklus ihrer Sirenenwarnsysteme. Bestandsaufnahme Eine umfassende und gr\u00fcndliche Bestandsaufnahme ist ein \u2026 <a class=\"continue-reading-link\" href=\"https:\/\/hoermann-kmt.at\/wordpress\/produkte\/sirenentechnik\/\"> Continue reading <span class=\"meta-nav\">&rarr; <\/span><\/a><\/p>\n","protected":false},"author":1,"featured_media":0,"parent":11,"menu_order":0,"comment_status":"closed","ping_status":"closed","template":"","meta":[],"aioseo_notices":[],"_links":{"self":[{"href":"https:\/\/hoermann-kmt.at\/wordpress\/wp-json\/wp\/v2\/pages\/14"}],"collection":[{"href":"https:\/\/hoermann-kmt.at\/wordpress\/wp-json\/wp\/v2\/pages"}],"about":[{"href":"https:\/\/hoermann-kmt.at\/wordpress\/wp-json\/wp\/v2\/types\/page"}],"author":[{"embeddable":true,"href":"https:\/\/hoermann-kmt.at\/wordpress\/wp-json\/wp\/v2\/users\/1"}],"replies":[{"embeddable":true,"href":"https:\/\/hoermann-kmt.at\/wordpress\/wp-json\/wp\/v2\/comments?post=14"}],"version-history":[{"count":5,"href":"https:\/\/hoermann-kmt.at\/wordpress\/wp-json\/wp\/v2\/pages\/14\/revisions"}],"predecessor-version":[{"id":533,"href":"https:\/\/hoermann-kmt.at\/wordpress\/wp-json\/wp\/v2\/pages\/14\/revisions\/533"}],"up":[{"embeddable":true,"href":"https:\/\/hoermann-kmt.at\/wordpress\/wp-json\/wp\/v2\/pages\/11"}],"wp:attachment":[{"href":"https:\/\/hoermann-kmt.at\/wordpress\/wp-json\/wp\/v2\/media?parent=14"}],"curies":[{"name":"wp","href":"https:\/\/api.w.org\/{rel}","templated":true}]}}