{"id":18,"date":"2014-06-16T08:57:43","date_gmt":"2014-06-16T08:57:43","guid":{"rendered":"http:\/\/hoermann-kmt.at\/wordpress\/?page_id=18"},"modified":"2019-03-19T15:55:05","modified_gmt":"2019-03-19T15:55:05","slug":"helikopterhelme","status":"publish","type":"page","link":"https:\/\/hoermann-kmt.at\/wordpress\/produkte\/helikopterhelme\/","title":{"rendered":"Helikopterhelme"},"content":{"rendered":"<p>Wir bieten Ihnen Helikopterhelme der Firmen <a href=\"http:\/\/at.msasafety.com\/?locale=de&amp;default=1\" target=\"_blank\" rel=\"noopener noreferrer\">Gallet<\/a> und <a href=\"http:\/\/www.rega.ch\/\" target=\"_blank\" rel=\"noopener noreferrer\">Rega<\/a>.<\/p>\n<p>Um ganz auf die W\u00fcnsche unserer Kunden eingehen zu k\u00f6nnen, beziehen wir nur die Schale von <strong>Gallet<\/strong> und adaptieren diese individuell mit Ohrh\u00f6rern und Mikrofonen. Als Optionen bieten wir<\/p>\n<ul>\n<li>active noise reduction<\/li>\n<li>Ohrmuscheln von Sennheiser<\/li>\n<li>Ohrmuscheln von Bose<\/li>\n<li>Bluetooth-Headset<\/li>\n<li>usw&#8230;<\/li>\n<\/ul>\n<p>Kontaktieren Sie uns mit Ihren W\u00fcnschen. Dank unserer langj\u00e4hrigen Erfahrung finden wir f\u00fcr Sie\u00a0die perfekte L\u00f6sung.<br \/>\nZu unseren Kunden geh\u00f6rt ua. die Christophorus-Crew des \u00d6AMTC (Flugrettung).<\/p>\n<p><a href=\"\/wordpress\/wp-content\/uploads\/2014\/06\/LH050.jpg\"><img decoding=\"async\" loading=\"lazy\" class=\"alignnone wp-image-336 size-thumbnail\" src=\"https:\/\/hoermann-kmt.at\/wordpress\/wp-content\/uploads\/2014\/06\/LH050-150x150.jpg\" alt=\"Gallet LH050\" width=\"150\" height=\"150\" srcset=\"https:\/\/hoermann-kmt.at\/wordpress\/wp-content\/uploads\/2014\/06\/LH050-150x150.jpg 150w, https:\/\/hoermann-kmt.at\/wordpress\/wp-content\/uploads\/2014\/06\/LH050-300x300.jpg 300w, https:\/\/hoermann-kmt.at\/wordpress\/wp-content\/uploads\/2014\/06\/LH050.jpg 500w\" sizes=\"(max-width: 150px) 100vw, 150px\" \/><\/a>\u00a0<a href=\"\/wordpress\/wp-content\/uploads\/2014\/06\/LH250.jpg\"><img decoding=\"async\" loading=\"lazy\" class=\"alignnone wp-image-335 size-thumbnail\" src=\"https:\/\/hoermann-kmt.at\/wordpress\/wp-content\/uploads\/2014\/06\/LH250-150x150.jpg\" alt=\"Gallet LH250\" width=\"150\" height=\"150\" srcset=\"https:\/\/hoermann-kmt.at\/wordpress\/wp-content\/uploads\/2014\/06\/LH250-150x150.jpg 150w, https:\/\/hoermann-kmt.at\/wordpress\/wp-content\/uploads\/2014\/06\/LH250-300x300.jpg 300w, https:\/\/hoermann-kmt.at\/wordpress\/wp-content\/uploads\/2014\/06\/LH250.jpg 500w\" sizes=\"(max-width: 150px) 100vw, 150px\" \/><\/a>\u00a0<a href=\"\/wordpress\/wp-content\/uploads\/2014\/06\/LH350.jpg\"><img decoding=\"async\" loading=\"lazy\" class=\"alignnone wp-image-333 size-thumbnail\" src=\"https:\/\/hoermann-kmt.at\/wordpress\/wp-content\/uploads\/2014\/06\/LH350-150x150.jpg\" alt=\"Gallet LH350\" width=\"150\" height=\"150\" srcset=\"https:\/\/hoermann-kmt.at\/wordpress\/wp-content\/uploads\/2014\/06\/LH350-150x150.jpg 150w, https:\/\/hoermann-kmt.at\/wordpress\/wp-content\/uploads\/2014\/06\/LH350-300x300.jpg 300w, https:\/\/hoermann-kmt.at\/wordpress\/wp-content\/uploads\/2014\/06\/LH350.jpg 500w\" sizes=\"(max-width: 150px) 100vw, 150px\" \/><\/a>\u00a0<a href=\"\/wordpress\/wp-content\/uploads\/2014\/06\/Rega-01.jpg\"><img decoding=\"async\" loading=\"lazy\" class=\"alignnone wp-image-332 size-thumbnail\" src=\"https:\/\/hoermann-kmt.at\/wordpress\/wp-content\/uploads\/2014\/06\/Rega-01-150x150.jpg\" alt=\"Rega\" width=\"150\" height=\"150\" srcset=\"https:\/\/hoermann-kmt.at\/wordpress\/wp-content\/uploads\/2014\/06\/Rega-01-150x150.jpg 150w, https:\/\/hoermann-kmt.at\/wordpress\/wp-content\/uploads\/2014\/06\/Rega-01-300x300.jpg 300w, https:\/\/hoermann-kmt.at\/wordpress\/wp-content\/uploads\/2014\/06\/Rega-01.jpg 500w\" sizes=\"(max-width: 150px) 100vw, 150px\" \/><\/a>\u00a0<a href=\"\/wordpress\/wp-content\/uploads\/2014\/06\/Rega-02.jpg\"><img decoding=\"async\" loading=\"lazy\" class=\"alignnone wp-image-331 size-thumbnail\" src=\"https:\/\/hoermann-kmt.at\/wordpress\/wp-content\/uploads\/2014\/06\/Rega-02-150x150.jpg\" alt=\"Rega\" width=\"150\" height=\"150\" srcset=\"https:\/\/hoermann-kmt.at\/wordpress\/wp-content\/uploads\/2014\/06\/Rega-02-150x150.jpg 150w, https:\/\/hoermann-kmt.at\/wordpress\/wp-content\/uploads\/2014\/06\/Rega-02-300x300.jpg 300w, https:\/\/hoermann-kmt.at\/wordpress\/wp-content\/uploads\/2014\/06\/Rega-02.jpg 500w\" sizes=\"(max-width: 150px) 100vw, 150px\" \/><\/a><\/p>\n","protected":false},"excerpt":{"rendered":"<p>Wir bieten Ihnen Helikopterhelme der Firmen Gallet und Rega. Um ganz auf die W\u00fcnsche unserer Kunden eingehen zu k\u00f6nnen, beziehen wir nur die Schale von Gallet und adaptieren diese individuell mit Ohrh\u00f6rern und Mikrofonen. Als Optionen bieten wir active noise reduction Ohrmuscheln von Sennheiser Ohrmuscheln von Bose Bluetooth-Headset usw&#8230; Kontaktieren \u2026 <a class=\"continue-reading-link\" href=\"https:\/\/hoermann-kmt.at\/wordpress\/produkte\/helikopterhelme\/\"> Continue reading <span class=\"meta-nav\">&rarr; <\/span><\/a><\/p>\n","protected":false},"author":1,"featured_media":0,"parent":11,"menu_order":0,"comment_status":"closed","ping_status":"closed","template":"","meta":[],"aioseo_notices":[],"_links":{"self":[{"href":"https:\/\/hoermann-kmt.at\/wordpress\/wp-json\/wp\/v2\/pages\/18"}],"collection":[{"href":"https:\/\/hoermann-kmt.at\/wordpress\/wp-json\/wp\/v2\/pages"}],"about":[{"href":"https:\/\/hoermann-kmt.at\/wordpress\/wp-json\/wp\/v2\/types\/page"}],"author":[{"embeddable":true,"href":"https:\/\/hoermann-kmt.at\/wordpress\/wp-json\/wp\/v2\/users\/1"}],"replies":[{"embeddable":true,"href":"https:\/\/hoermann-kmt.at\/wordpress\/wp-json\/wp\/v2\/comments?post=18"}],"version-history":[{"count":17,"href":"https:\/\/hoermann-kmt.at\/wordpress\/wp-json\/wp\/v2\/pages\/18\/revisions"}],"predecessor-version":[{"id":544,"href":"https:\/\/hoermann-kmt.at\/wordpress\/wp-json\/wp\/v2\/pages\/18\/revisions\/544"}],"up":[{"embeddable":true,"href":"https:\/\/hoermann-kmt.at\/wordpress\/wp-json\/wp\/v2\/pages\/11"}],"wp:attachment":[{"href":"https:\/\/hoermann-kmt.at\/wordpress\/wp-json\/wp\/v2\/media?parent=18"}],"curies":[{"name":"wp","href":"https:\/\/api.w.org\/{rel}","templated":true}]}}