{"id":20,"date":"2014-06-16T09:05:04","date_gmt":"2014-06-16T09:05:04","guid":{"rendered":"http:\/\/hoermann-kmt.at\/wordpress\/?page_id=20"},"modified":"2019-03-19T15:44:58","modified_gmt":"2019-03-19T15:44:58","slug":"peltor-headsets","status":"publish","type":"page","link":"https:\/\/hoermann-kmt.at\/wordpress\/produkte\/peltor-headsets\/","title":{"rendered":"Peltor Headsets"},"content":{"rendered":"<div id=\"attachment_63\" style=\"width: 185px\" class=\"wp-caption alignright\"><a href=\"\/wordpress\/wp-content\/uploads\/2014\/06\/peltor.gif\"><img aria-describedby=\"caption-attachment-63\" decoding=\"async\" loading=\"lazy\" class=\"wp-image-63\" src=\"http:\/\/hoermann-kmt.at\/wordpress\/wp-content\/uploads\/2014\/06\/peltor.gif\" alt=\"peltor\" width=\"175\" height=\"175\" \/><\/a><p id=\"caption-attachment-63\" class=\"wp-caption-text\">PELTOR Geh\u00f6rschutz<\/p><\/div>\n<p>Mit \u00fcber 50 Jahren Erfahrung b\u00fcrgt die Marke Peltor&#x2122; f\u00fcr Kommunikationsl\u00f6sungen von un\u00fcbertroffener Qualit\u00e4t, die Komfort und Schutz in optimaler Ausgewogenheit bieten.<\/p>\n<p>Mit einem klaren Fokus auf Funktionalit\u00e4t und Design entwickeln wir fortschrittliche, komfortable und gleichzeitig benutzerfreundliche PSA-Kommunikationsl\u00f6sungen.<\/p>\n<p>Das Peltor Sortiment umfasst eine breite Auswahl an Headsets mit Mikrophonen, BLUETOOTH&#x2122; und Arbeitsschutzprodukten mit eingebauten FM-Radio.<\/p>\n<p>PELTOR&#x2122; Headsets und Kommunikationshelme sind erh\u00e4ltlich f\u00fcr die Luftfahrtindustrie, den Motorsport oder \u00e4hnliche Anwendungen in sehr lauten Umgebungen.<\/p>\n","protected":false},"excerpt":{"rendered":"<p>Mit \u00fcber 50 Jahren Erfahrung b\u00fcrgt die Marke Peltor&#x2122; f\u00fcr Kommunikationsl\u00f6sungen von un\u00fcbertroffener Qualit\u00e4t, die Komfort und Schutz in optimaler Ausgewogenheit bieten. Mit einem klaren Fokus auf Funktionalit\u00e4t und Design entwickeln wir fortschrittliche, komfortable und gleichzeitig benutzerfreundliche PSA-Kommunikationsl\u00f6sungen. Das Peltor Sortiment umfasst eine breite Auswahl an Headsets mit Mikrophonen, BLUETOOTH&#x2122; \u2026 <a class=\"continue-reading-link\" href=\"https:\/\/hoermann-kmt.at\/wordpress\/produkte\/peltor-headsets\/\"> Continue reading <span class=\"meta-nav\">&rarr; <\/span><\/a><\/p>\n","protected":false},"author":1,"featured_media":0,"parent":11,"menu_order":0,"comment_status":"closed","ping_status":"closed","template":"templates\/template-onecolumn.php","meta":[],"aioseo_notices":[],"_links":{"self":[{"href":"https:\/\/hoermann-kmt.at\/wordpress\/wp-json\/wp\/v2\/pages\/20"}],"collection":[{"href":"https:\/\/hoermann-kmt.at\/wordpress\/wp-json\/wp\/v2\/pages"}],"about":[{"href":"https:\/\/hoermann-kmt.at\/wordpress\/wp-json\/wp\/v2\/types\/page"}],"author":[{"embeddable":true,"href":"https:\/\/hoermann-kmt.at\/wordpress\/wp-json\/wp\/v2\/users\/1"}],"replies":[{"embeddable":true,"href":"https:\/\/hoermann-kmt.at\/wordpress\/wp-json\/wp\/v2\/comments?post=20"}],"version-history":[{"count":9,"href":"https:\/\/hoermann-kmt.at\/wordpress\/wp-json\/wp\/v2\/pages\/20\/revisions"}],"predecessor-version":[{"id":536,"href":"https:\/\/hoermann-kmt.at\/wordpress\/wp-json\/wp\/v2\/pages\/20\/revisions\/536"}],"up":[{"embeddable":true,"href":"https:\/\/hoermann-kmt.at\/wordpress\/wp-json\/wp\/v2\/pages\/11"}],"wp:attachment":[{"href":"https:\/\/hoermann-kmt.at\/wordpress\/wp-json\/wp\/v2\/media?parent=20"}],"curies":[{"name":"wp","href":"https:\/\/api.w.org\/{rel}","templated":true}]}}