{"id":24,"date":"2014-06-16T09:31:39","date_gmt":"2014-06-16T09:31:39","guid":{"rendered":"http:\/\/hoermann-kmt.at\/wordpress\/?page_id=24"},"modified":"2024-02-15T14:47:49","modified_gmt":"2024-02-15T14:47:49","slug":"links","status":"publish","type":"page","link":"https:\/\/hoermann-kmt.at\/wordpress\/links\/","title":{"rendered":"Unsere Partner"},"content":{"rendered":"<table class=\"linkcloud\">\n<tbody>\n<tr>\n<td class=\"linklist\"><a href=\"https:\/\/www.hoermann-ws.de\/\" target=\"blank\" rel=\"noopener noreferrer\">H\u00d6RMANN Warnsysteme GmbH<\/a><br \/>\n<a href=\"http:\/\/www.hoermann-gruppe.de\" target=\"blank\" rel=\"noopener noreferrer\">H\u00d6RMANN Holding GmbH Co. KG<\/a><br \/>\n<a href=\"http:\/\/www.oeamtc.at\/portal\/flugrettung+2500+++11009\" target=\"_blank\" rel=\"noopener noreferrer\">\u00d6AMTC Flugrettungsverein &#8211; Die gelben Engel<\/a><a href=\"http:\/\/emicrotec.at\/\" target=\"_blank\" rel=\"noopener noreferrer\"><br \/>\nEmbedded Microtec<br \/>\n<\/a><a href=\"http:\/\/www.seiwald-feuerwehrtechnik.info\" target=\"blank\" rel=\"noopener noreferrer\">Seiwald Fahrzeugaufbauten<br \/>\n<\/a><a href=\"http:\/\/www.taitworld.com\" target=\"blank\" rel=\"noopener noreferrer\">TAIT &#8211; Funktechnik<br \/>\n<\/a><a href=\"http:\/\/www.entel.co.uk\" target=\"blank\" rel=\"noopener noreferrer\">ENTEL &#8211; Funktechnik<br \/>\n<\/a><a href=\"http:\/\/www.swissphone.at\" target=\"blank\" rel=\"noopener noreferrer\">SWISSPHONE &#8211; Pager- und Alarmierungstechnik<br \/>\n<\/a><a href=\"http:\/\/www.imtradex.at\" target=\"blank\" rel=\"noopener noreferrer\">Imtradex &#8211; Headsets- und Sprechgarnituren<br \/>\n<\/a><a href=\"http:\/\/peltorcomms.3m.com\/\" target=\"_blank\" rel=\"noopener noreferrer\">Peltor &#8211; Funktechnik<br \/>\n<\/a><a href=\"http:\/\/www.feuerwehr-strasswalchen.at\" target=\"_blank\" rel=\"noopener noreferrer\">FF Strasswalchen<br \/>\n<\/a><a href=\"http:\/\/www.feuerwehr-hallein.at\/index.php?id=8\" target=\"_blank\" rel=\"noopener noreferrer\">FF Hallein<br \/>\n<\/a><a href=\"https:\/\/www.salzburg-ag.at\/\" target=\"_blank\" rel=\"noopener noreferrer\">Salzburg AG<br \/>\n<\/a><a title=\"icom\" href=\"http:\/\/www.icomeurope.com\/\" target=\"_blank\" rel=\"noopener noreferrer\">icom<\/a><br \/>\n<a href=\"https:\/\/www.tfk-austria.at\/\" target=\"_blank\" rel=\"noopener noreferrer\">TFK Austria GmbH<\/a><\/td>\n<td><a href=\"https:\/\/hoermann-kmt.at\/wordpress\/wp-content\/uploads\/2019\/11\/logocloud2.png\"><img decoding=\"async\" loading=\"lazy\" class=\"alignnone wp-image-554\" src=\"https:\/\/hoermann-kmt.at\/wordpress\/wp-content\/uploads\/2019\/11\/logocloud2.png\" alt=\"\" width=\"570\" height=\"501\" srcset=\"https:\/\/hoermann-kmt.at\/wordpress\/wp-content\/uploads\/2019\/11\/logocloud2.png 650w, https:\/\/hoermann-kmt.at\/wordpress\/wp-content\/uploads\/2019\/11\/logocloud2-300x264.png 300w, https:\/\/hoermann-kmt.at\/wordpress\/wp-content\/uploads\/2019\/11\/logocloud2-150x132.png 150w, https:\/\/hoermann-kmt.at\/wordpress\/wp-content\/uploads\/2019\/11\/logocloud2-171x150.png 171w\" sizes=\"(max-width: 570px) 100vw, 570px\" \/><\/a><\/td>\n<\/tr>\n<\/tbody>\n<\/table>\n","protected":false},"excerpt":{"rendered":"<p>H\u00d6RMANN Warnsysteme GmbH H\u00d6RMANN Holding GmbH Co. KG \u00d6AMTC Flugrettungsverein &#8211; Die gelben Engel Embedded Microtec Seiwald Fahrzeugaufbauten TAIT &#8211; Funktechnik ENTEL &#8211; Funktechnik SWISSPHONE &#8211; Pager- und Alarmierungstechnik Imtradex &#8211; Headsets- und Sprechgarnituren Peltor &#8211; Funktechnik FF Strasswalchen FF Hallein Salzburg AG icom TFK Austria GmbH<\/p>\n","protected":false},"author":1,"featured_media":0,"parent":0,"menu_order":0,"comment_status":"closed","ping_status":"closed","template":"templates\/template-onecolumn.php","meta":[],"aioseo_notices":[],"_links":{"self":[{"href":"https:\/\/hoermann-kmt.at\/wordpress\/wp-json\/wp\/v2\/pages\/24"}],"collection":[{"href":"https:\/\/hoermann-kmt.at\/wordpress\/wp-json\/wp\/v2\/pages"}],"about":[{"href":"https:\/\/hoermann-kmt.at\/wordpress\/wp-json\/wp\/v2\/types\/page"}],"author":[{"embeddable":true,"href":"https:\/\/hoermann-kmt.at\/wordpress\/wp-json\/wp\/v2\/users\/1"}],"replies":[{"embeddable":true,"href":"https:\/\/hoermann-kmt.at\/wordpress\/wp-json\/wp\/v2\/comments?post=24"}],"version-history":[{"count":36,"href":"https:\/\/hoermann-kmt.at\/wordpress\/wp-json\/wp\/v2\/pages\/24\/revisions"}],"predecessor-version":[{"id":565,"href":"https:\/\/hoermann-kmt.at\/wordpress\/wp-json\/wp\/v2\/pages\/24\/revisions\/565"}],"wp:attachment":[{"href":"https:\/\/hoermann-kmt.at\/wordpress\/wp-json\/wp\/v2\/media?parent=24"}],"curies":[{"name":"wp","href":"https:\/\/api.w.org\/{rel}","templated":true}]}}