{"id":297,"date":"2014-07-22T15:23:39","date_gmt":"2014-07-22T15:23:39","guid":{"rendered":"http:\/\/hoermann-kmt.at\/wordpress\/?page_id=297"},"modified":"2019-03-19T15:47:05","modified_gmt":"2019-03-19T15:47:05","slug":"cellfloc-remote-controller","status":"publish","type":"page","link":"https:\/\/hoermann-kmt.at\/wordpress\/individuelle-kundenloesungen\/cellfloc-remote-controller\/","title":{"rendered":"CELLFLOC Remote-Controller"},"content":{"rendered":"<p style=\"text-align: justify;\">F\u00fcr einen industriellen Kunden wurde eine Steuerung f\u00fcr seine Einblasmaschinen entwickelt, die \u00fcber eine batteriebetriebene Funkfernbedienung mit der Basisstation kommuniziert. Die Funkverbindung ist bidirektional ausgelegt, sodass \u00dcbertragungsfehler bzw. Reichweitenprobleme erkannt werden k\u00f6nnen und der Benutzer dar\u00fcber informiert wird.<\/p>\n<p style=\"text-align: justify;\">Als Frequenzband wurde das 868MHz ISM Band gew\u00e4hlt. Dies hat einerseits den Vorteil, dass das Band weniger h\u00e4ufig benutzt wird als das 434MHz Band und es somit zu weniger St\u00f6rungen kommt und andererseits darf auf bestimmten Frequenzen auch mit h\u00f6herer Leistung gesendet werden, wodurch eine gr\u00f6\u00dfere Reichweite erreicht wird.<\/p>\n<p style=\"text-align: justify;\">Im Falle, dass keine Funkverbindung mit der Basisstation m\u00f6glich ist (z.B. aufgrund von Stahlbeton W\u00e4nden), kann der Handsender auch per Kabel mit der Basisstation verbunden werden.<\/p>\n<p style=\"text-align: justify;\">Beim Entwurf des Handsenders wurde sowohl beim Hardware- als auch beim Softwaredesign auf niedrigen Stromverbrauch geachtet, um eine m\u00f6glichst lange Lebensdauer der Batterien zu erreichen. D.h. die Schaltung ben\u00f6tigt im ausgeschalteten Zustand keinen Strom. Im Betrieb \u00fcbernimmt die Software die adaptive Anpassung der Sendeleistung je nach Qualit\u00e4t der Funkverbindung.<\/p>\n<p style=\"text-align: justify;\"><strong>Features<\/strong><br \/>\n* Bidirektionale Funkverbindung mit gesichertem \u00dcbertragungsprotokoll<br \/>\n* Adaptive Anpassung der Sendeleistung<br \/>\n* Kabelverbindung zwischen Basisstation und Handsender m\u00f6glich<br \/>\n* Reichweite: min. 400m<\/p>\n<div id=\"attachment_304\" style=\"width: 310px\" class=\"wp-caption aligncenter\"><a href=\"\/wordpress\/wp-content\/uploads\/2014\/07\/cellfloc_all.jpg\"><img aria-describedby=\"caption-attachment-304\" decoding=\"async\" loading=\"lazy\" class=\"wp-image-304 size-medium\" src=\"https:\/\/hoermann-kmt.at\/wordpress\/wp-content\/uploads\/2014\/07\/cellfloc_all-300x249.jpg\" alt=\"cellfloc\" width=\"300\" height=\"249\" srcset=\"https:\/\/hoermann-kmt.at\/wordpress\/wp-content\/uploads\/2014\/07\/cellfloc_all-300x249.jpg 300w, https:\/\/hoermann-kmt.at\/wordpress\/wp-content\/uploads\/2014\/07\/cellfloc_all-1024x850.jpg 1024w, https:\/\/hoermann-kmt.at\/wordpress\/wp-content\/uploads\/2014\/07\/cellfloc_all-180x150.jpg 180w, https:\/\/hoermann-kmt.at\/wordpress\/wp-content\/uploads\/2014\/07\/cellfloc_all-150x124.jpg 150w, https:\/\/hoermann-kmt.at\/wordpress\/wp-content\/uploads\/2014\/07\/cellfloc_all.jpg 1280w\" sizes=\"(max-width: 300px) 100vw, 300px\" \/><\/a><p id=\"caption-attachment-304\" class=\"wp-caption-text\">CELLFLOC Funkfernsteuerung mit Basisstation<\/p><\/div>\n","protected":false},"excerpt":{"rendered":"<p>F\u00fcr einen industriellen Kunden wurde eine Steuerung f\u00fcr seine Einblasmaschinen entwickelt, die \u00fcber eine batteriebetriebene Funkfernbedienung mit der Basisstation kommuniziert. Die Funkverbindung ist bidirektional ausgelegt, sodass \u00dcbertragungsfehler bzw. Reichweitenprobleme erkannt werden k\u00f6nnen und der Benutzer dar\u00fcber informiert wird. Als Frequenzband wurde das 868MHz ISM Band gew\u00e4hlt. Dies hat einerseits den \u2026 <a class=\"continue-reading-link\" href=\"https:\/\/hoermann-kmt.at\/wordpress\/individuelle-kundenloesungen\/cellfloc-remote-controller\/\"> Continue reading <span class=\"meta-nav\">&rarr; <\/span><\/a><\/p>\n","protected":false},"author":1,"featured_media":0,"parent":68,"menu_order":0,"comment_status":"closed","ping_status":"closed","template":"templates\/template-onecolumn.php","meta":[],"aioseo_notices":[],"_links":{"self":[{"href":"https:\/\/hoermann-kmt.at\/wordpress\/wp-json\/wp\/v2\/pages\/297"}],"collection":[{"href":"https:\/\/hoermann-kmt.at\/wordpress\/wp-json\/wp\/v2\/pages"}],"about":[{"href":"https:\/\/hoermann-kmt.at\/wordpress\/wp-json\/wp\/v2\/types\/page"}],"author":[{"embeddable":true,"href":"https:\/\/hoermann-kmt.at\/wordpress\/wp-json\/wp\/v2\/users\/1"}],"replies":[{"embeddable":true,"href":"https:\/\/hoermann-kmt.at\/wordpress\/wp-json\/wp\/v2\/comments?post=297"}],"version-history":[{"count":4,"href":"https:\/\/hoermann-kmt.at\/wordpress\/wp-json\/wp\/v2\/pages\/297\/revisions"}],"predecessor-version":[{"id":538,"href":"https:\/\/hoermann-kmt.at\/wordpress\/wp-json\/wp\/v2\/pages\/297\/revisions\/538"}],"up":[{"embeddable":true,"href":"https:\/\/hoermann-kmt.at\/wordpress\/wp-json\/wp\/v2\/pages\/68"}],"wp:attachment":[{"href":"https:\/\/hoermann-kmt.at\/wordpress\/wp-json\/wp\/v2\/media?parent=297"}],"curies":[{"name":"wp","href":"https:\/\/api.w.org\/{rel}","templated":true}]}}