{"id":301,"date":"2014-07-22T15:28:38","date_gmt":"2014-07-22T15:28:38","guid":{"rendered":"http:\/\/hoermann-kmt.at\/wordpress\/?page_id=301"},"modified":"2019-03-19T15:46:35","modified_gmt":"2019-03-19T15:46:35","slug":"beleuchtung-salzburger-festspiele","status":"publish","type":"page","link":"https:\/\/hoermann-kmt.at\/wordpress\/individuelle-kundenloesungen\/beleuchtung-salzburger-festspiele\/","title":{"rendered":"Beleuchtung Salzburger Festspiele"},"content":{"rendered":"<p style=\"text-align: justify;\">Im Jahr 2012 gestalteten wir f\u00fcr\u00a0die Oper &#8222;Das Labyrinth&#8220;, die im Rahmen der Salzburger Festspiele im Residenzhof aufgef\u00fchrt wurde, einen Gro\u00dfteil des B\u00fchnenbildes. Die Anforderung war, mehr als 2000 Gl\u00fchbirnen auf zehn jeweils zehn Meter hohen Lamellen einzeln ansteuer- und dimmbar zu machen, um verschiedenen Formen\u00a0wie Torb\u00f6gen, eine Sonne oder ein Labyrinth darstellen zu k\u00f6nnen.<\/p>\n<p style=\"text-align: justify;\">F\u00fcr die Ansteuerung der Gl\u00fchbirnen entwickelten wir gemeinsam mit der Firma <a href=\"http:\/\/emicrotec.at\/wordpress\/\" target=\"_blank\" rel=\"noopener noreferrer\">Embedded Microtec<\/a>\u00a0spezielle Steuerplatinen, die wir mit\u00a0einem hochperformanten 8\/16-bit Mikrocontroller ausstatteten. Jede der zehn Lamellen best\u00fcckten wir mit jeweils 220 Gl\u00fchbirnen, die einzeln in je 255 Stufen dimmbar waren. Die Einbindung in das System der B\u00fchnentechnik erfolgte \u00fcber das digitale DMX Steuerprotokoll.<\/p>\n<p style=\"text-align: justify;\">Das gesamte B\u00fchnenbild bestand aus zehn\u00a0der oben genannten beweglichen Lamellen. In Summe wurden so 2200 Gl\u00fchbirnen verbaut, die alle einzelnen durch die B\u00fchnentechniker gedimmt werden konnten.<\/p>\n<p style=\"text-align: justify;\"><a href=\"\/wordpress\/wp-content\/uploads\/2014\/07\/festspiele4.jpg\"><img decoding=\"async\" loading=\"lazy\" class=\"alignnone wp-image-308\" src=\"http:\/\/hoermann-kmt.at\/wordpress\/wp-content\/uploads\/2014\/07\/festspiele4-300x225.jpg\" alt=\"festspiele4\" width=\"200\" height=\"150\" srcset=\"https:\/\/hoermann-kmt.at\/wordpress\/wp-content\/uploads\/2014\/07\/festspiele4-300x225.jpg 300w, https:\/\/hoermann-kmt.at\/wordpress\/wp-content\/uploads\/2014\/07\/festspiele4-200x150.jpg 200w, https:\/\/hoermann-kmt.at\/wordpress\/wp-content\/uploads\/2014\/07\/festspiele4-150x112.jpg 150w, https:\/\/hoermann-kmt.at\/wordpress\/wp-content\/uploads\/2014\/07\/festspiele4.jpg 640w\" sizes=\"(max-width: 200px) 100vw, 200px\" \/><\/a>\u00a0<a href=\"\/wordpress\/wp-content\/uploads\/2014\/07\/festspiele3.jpg\"><img decoding=\"async\" loading=\"lazy\" class=\"alignnone wp-image-309\" src=\"http:\/\/hoermann-kmt.at\/wordpress\/wp-content\/uploads\/2014\/07\/festspiele3-300x225.jpg\" alt=\"festspiele3\" width=\"200\" height=\"150\" srcset=\"https:\/\/hoermann-kmt.at\/wordpress\/wp-content\/uploads\/2014\/07\/festspiele3-300x225.jpg 300w, https:\/\/hoermann-kmt.at\/wordpress\/wp-content\/uploads\/2014\/07\/festspiele3-200x150.jpg 200w, https:\/\/hoermann-kmt.at\/wordpress\/wp-content\/uploads\/2014\/07\/festspiele3-150x112.jpg 150w, https:\/\/hoermann-kmt.at\/wordpress\/wp-content\/uploads\/2014\/07\/festspiele3.jpg 640w\" sizes=\"(max-width: 200px) 100vw, 200px\" \/><\/a>\u00a0<a href=\"\/wordpress\/wp-content\/uploads\/2014\/07\/festspiele1.jpg\"><img decoding=\"async\" loading=\"lazy\" class=\"alignnone wp-image-310\" src=\"http:\/\/hoermann-kmt.at\/wordpress\/wp-content\/uploads\/2014\/07\/festspiele1-300x225.jpg\" alt=\"festspiele1\" width=\"200\" height=\"150\" srcset=\"https:\/\/hoermann-kmt.at\/wordpress\/wp-content\/uploads\/2014\/07\/festspiele1-300x225.jpg 300w, https:\/\/hoermann-kmt.at\/wordpress\/wp-content\/uploads\/2014\/07\/festspiele1-200x150.jpg 200w, https:\/\/hoermann-kmt.at\/wordpress\/wp-content\/uploads\/2014\/07\/festspiele1-150x112.jpg 150w, https:\/\/hoermann-kmt.at\/wordpress\/wp-content\/uploads\/2014\/07\/festspiele1.jpg 640w\" sizes=\"(max-width: 200px) 100vw, 200px\" \/><\/a><\/p>\n","protected":false},"excerpt":{"rendered":"<p>Im Jahr 2012 gestalteten wir f\u00fcr\u00a0die Oper &#8222;Das Labyrinth&#8220;, die im Rahmen der Salzburger Festspiele im Residenzhof aufgef\u00fchrt wurde, einen Gro\u00dfteil des B\u00fchnenbildes. Die Anforderung war, mehr als 2000 Gl\u00fchbirnen auf zehn jeweils zehn Meter hohen Lamellen einzeln ansteuer- und dimmbar zu machen, um verschiedenen Formen\u00a0wie Torb\u00f6gen, eine Sonne oder \u2026 <a class=\"continue-reading-link\" href=\"https:\/\/hoermann-kmt.at\/wordpress\/individuelle-kundenloesungen\/beleuchtung-salzburger-festspiele\/\"> Continue reading <span class=\"meta-nav\">&rarr; <\/span><\/a><\/p>\n","protected":false},"author":1,"featured_media":0,"parent":68,"menu_order":0,"comment_status":"closed","ping_status":"closed","template":"templates\/template-onecolumn.php","meta":[],"aioseo_notices":[],"_links":{"self":[{"href":"https:\/\/hoermann-kmt.at\/wordpress\/wp-json\/wp\/v2\/pages\/301"}],"collection":[{"href":"https:\/\/hoermann-kmt.at\/wordpress\/wp-json\/wp\/v2\/pages"}],"about":[{"href":"https:\/\/hoermann-kmt.at\/wordpress\/wp-json\/wp\/v2\/types\/page"}],"author":[{"embeddable":true,"href":"https:\/\/hoermann-kmt.at\/wordpress\/wp-json\/wp\/v2\/users\/1"}],"replies":[{"embeddable":true,"href":"https:\/\/hoermann-kmt.at\/wordpress\/wp-json\/wp\/v2\/comments?post=301"}],"version-history":[{"count":12,"href":"https:\/\/hoermann-kmt.at\/wordpress\/wp-json\/wp\/v2\/pages\/301\/revisions"}],"predecessor-version":[{"id":537,"href":"https:\/\/hoermann-kmt.at\/wordpress\/wp-json\/wp\/v2\/pages\/301\/revisions\/537"}],"up":[{"embeddable":true,"href":"https:\/\/hoermann-kmt.at\/wordpress\/wp-json\/wp\/v2\/pages\/68"}],"wp:attachment":[{"href":"https:\/\/hoermann-kmt.at\/wordpress\/wp-json\/wp\/v2\/media?parent=301"}],"curies":[{"name":"wp","href":"https:\/\/api.w.org\/{rel}","templated":true}]}}