{"id":352,"date":"2014-10-29T09:37:12","date_gmt":"2014-10-29T09:37:12","guid":{"rendered":"http:\/\/hoermann-kmt.at\/wordpress\/?page_id=352"},"modified":"2019-03-19T15:48:03","modified_gmt":"2019-03-19T15:48:03","slug":"landeplatzbeleuchtung","status":"publish","type":"page","link":"https:\/\/hoermann-kmt.at\/wordpress\/individuelle-kundenloesungen\/landeplatzbeleuchtung\/","title":{"rendered":"Landeplatzbeleuchtung"},"content":{"rendered":"<p style=\"text-align: justify;\">Der Hubschrauberlandeplatz-Flutlichtstrahler DWT-LED72 wurde f\u00fcr einen blendfreien Nachtflugbetrieb konzipiert und entwickelt. Der Fluter sorgt mit wei\u00dfen Hochleistungs-LEDs und integrierter 90 Grad Optik f\u00fcr eine gezielte Ausleuchtung der Landefl\u00e4che. Durch die gro\u00dfz\u00fcgig dimensionierte Schirmblende wird die Lichtquelle vollst\u00e4ndig abgeschirmt. Somit wird das Blenden des Piloten beim Landeanflug verhindert.<\/p>\n<p style=\"text-align: justify;\">Das Geh\u00e4use des Fluters ist aus Aluminiumblech gefertigt und mit einer gelben Signalfarbe komplett pulverbeschichtet. Die LED-Technik gew\u00e4hrleistet einen langen und wartungsfreien Betrieb.<\/p>\n<p style=\"text-align: justify;\">Der DWT-LED72 wird \u00fcber eine an der Unterseite befindliche Klemmdose, welche auch das Schaltnetzteil f\u00fcr den Fluter beinhaltet, angeschlossen und kann mit einer Eingangsspannung von 110 &#8211; 230V AC versorgt werden. Eine im Standrohr befindliche Bruchkupplung entspricht der ZFV 72.<\/p>\n<p style=\"text-align: justify;\">Die Verwendung des DWT-LED72 spart mehr als 75% an elektrischer Energie im Vergleich zu herk\u00f6mmlichen Halogenlampen und hat zudem eine wesentlich h\u00f6here Lebensdauer.<\/p>\n<p style=\"text-align: justify;\">Als Erweiterung unseres Sortiments bieten wir einen <strong>Flugfunkempf\u00e4nger<\/strong>, mit dem die Landeplatzbeleuchtung vom Piloten des Hubschraubers \u00fcber Funk ein- und ausgeschaltet werden kann. Au\u00dferdem\u00a0bekommen Sie bei uns\u00a0<strong>Leuchtfeuer<\/strong>, <strong>Windrichtungsanzeiger<\/strong>, <strong>Hindernisfeuer LED<\/strong> und <strong>Hindernisfeuer Doppel-LED<\/strong>.<\/p>\n<p><a href=\"\/wordpress\/wp-content\/uploads\/2014\/10\/LED-Fluter-freigestellt.jpg\"><img decoding=\"async\" loading=\"lazy\" class=\"alignnone wp-image-358 size-thumbnail\" src=\"https:\/\/hoermann-kmt.at\/wordpress\/wp-content\/uploads\/2014\/10\/LED-Fluter-freigestellt-150x150.jpg\" alt=\"LED Fluter \" width=\"150\" height=\"150\" \/><\/a>\u00a0<a href=\"\/wordpress\/wp-content\/uploads\/2014\/10\/DSC04553.jpg\"><img decoding=\"async\" loading=\"lazy\" class=\"alignnone wp-image-357 size-thumbnail\" src=\"https:\/\/hoermann-kmt.at\/wordpress\/wp-content\/uploads\/2014\/10\/DSC04553-150x150.jpg\" alt=\"LED Fluter \" width=\"150\" height=\"150\" \/><\/a>\u00a0<a href=\"\/wordpress\/wp-content\/uploads\/2014\/10\/DSC04551.jpg\"><img decoding=\"async\" loading=\"lazy\" class=\"alignnone wp-image-356 size-thumbnail\" src=\"https:\/\/hoermann-kmt.at\/wordpress\/wp-content\/uploads\/2014\/10\/DSC04551-150x150.jpg\" alt=\"LED Fluter\" width=\"150\" height=\"150\" \/><\/a>\u00a0<a href=\"\/wordpress\/wp-content\/uploads\/2014\/10\/DSC04544.jpg\"><img decoding=\"async\" loading=\"lazy\" class=\"alignnone wp-image-355 size-thumbnail\" src=\"https:\/\/hoermann-kmt.at\/wordpress\/wp-content\/uploads\/2014\/10\/DSC04544-150x150.jpg\" alt=\"LED Fluter\" width=\"150\" height=\"150\" \/><\/a>\u00a0<a href=\"\/wordpress\/wp-content\/uploads\/2014\/10\/Musterbeleuchtung-LED-Fluter.jpg\"><img decoding=\"async\" loading=\"lazy\" class=\"alignnone wp-image-359 size-thumbnail\" src=\"https:\/\/hoermann-kmt.at\/wordpress\/wp-content\/uploads\/2014\/10\/Musterbeleuchtung-LED-Fluter-150x150.jpg\" alt=\"LED Fluter\" width=\"150\" height=\"150\" \/><\/a><\/p>\n","protected":false},"excerpt":{"rendered":"<p>Der Hubschrauberlandeplatz-Flutlichtstrahler DWT-LED72 wurde f\u00fcr einen blendfreien Nachtflugbetrieb konzipiert und entwickelt. Der Fluter sorgt mit wei\u00dfen Hochleistungs-LEDs und integrierter 90 Grad Optik f\u00fcr eine gezielte Ausleuchtung der Landefl\u00e4che. Durch die gro\u00dfz\u00fcgig dimensionierte Schirmblende wird die Lichtquelle vollst\u00e4ndig abgeschirmt. Somit wird das Blenden des Piloten beim Landeanflug verhindert. Das Geh\u00e4use des \u2026 <a class=\"continue-reading-link\" href=\"https:\/\/hoermann-kmt.at\/wordpress\/individuelle-kundenloesungen\/landeplatzbeleuchtung\/\"> Continue reading <span class=\"meta-nav\">&rarr; <\/span><\/a><\/p>\n","protected":false},"author":1,"featured_media":0,"parent":68,"menu_order":0,"comment_status":"closed","ping_status":"closed","template":"","meta":[],"aioseo_notices":[],"_links":{"self":[{"href":"https:\/\/hoermann-kmt.at\/wordpress\/wp-json\/wp\/v2\/pages\/352"}],"collection":[{"href":"https:\/\/hoermann-kmt.at\/wordpress\/wp-json\/wp\/v2\/pages"}],"about":[{"href":"https:\/\/hoermann-kmt.at\/wordpress\/wp-json\/wp\/v2\/types\/page"}],"author":[{"embeddable":true,"href":"https:\/\/hoermann-kmt.at\/wordpress\/wp-json\/wp\/v2\/users\/1"}],"replies":[{"embeddable":true,"href":"https:\/\/hoermann-kmt.at\/wordpress\/wp-json\/wp\/v2\/comments?post=352"}],"version-history":[{"count":9,"href":"https:\/\/hoermann-kmt.at\/wordpress\/wp-json\/wp\/v2\/pages\/352\/revisions"}],"predecessor-version":[{"id":539,"href":"https:\/\/hoermann-kmt.at\/wordpress\/wp-json\/wp\/v2\/pages\/352\/revisions\/539"}],"up":[{"embeddable":true,"href":"https:\/\/hoermann-kmt.at\/wordpress\/wp-json\/wp\/v2\/pages\/68"}],"wp:attachment":[{"href":"https:\/\/hoermann-kmt.at\/wordpress\/wp-json\/wp\/v2\/media?parent=352"}],"curies":[{"name":"wp","href":"https:\/\/api.w.org\/{rel}","templated":true}]}}