{"id":443,"date":"2015-08-18T11:57:07","date_gmt":"2015-08-18T11:57:07","guid":{"rendered":"http:\/\/hoermann-kmt.at\/wordpress\/?page_id=443"},"modified":"2019-03-19T15:50:39","modified_gmt":"2019-03-19T15:50:39","slug":"obus-funkinterface","status":"publish","type":"page","link":"https:\/\/hoermann-kmt.at\/wordpress\/individuelle-kundenloesungen\/obus-funkinterface\/","title":{"rendered":"Obus Funkinterface"},"content":{"rendered":"<p style=\"text-align: justify;\">F\u00fcr die Obusse der <a href=\"https:\/\/www.salzburg-ag.at\/\" target=\"_blank\" rel=\"noopener noreferrer\">Salzburg AG<\/a> haben wir gemeinsam mit der Firma\u00a0<a href=\"http:\/\/emicrotec.at\/wordpress\/\" target=\"_blank\" rel=\"noopener noreferrer\">Embedded Microtec<\/a> ein spezielles Funkger\u00e4teinterface entwickelt. Dieses erm\u00f6glicht dem Boardcomputer des Obusses \u00fcber das bestehende Funknetz im Stadtgebiet Salzburg mit der Zentrale zu kommunizieren.<\/p>\n<p style=\"text-align: justify;\">Da das bisher verwendete Motorola Funkger\u00e4t nicht mehr produziert wird, mussten wir uns nach einer Alternative umschauen. Wir entschieden uns f\u00fcr ein Funkger\u00e4t der Firma Tait (TM8110), das wir bereits erfolgreich f\u00fcr die\u00a0<a href=\"http:\/\/hoermann-kmt.at\/wordpress\/individuelle-kundenloesungen\/phoenix-digitale-sirenensteuerung\/\" target=\"_blank\" rel=\"noopener noreferrer\">digitale Sirenensteuerung<\/a> verwendet haben.<\/p>\n<p style=\"text-align: justify;\">Das Tait Funkger\u00e4t besitzt im Inneren einen Erweiterungssteckplatz, den wir f\u00fcr unsere Platine nutzen. \u00dcber ein 18-poliges Flachbandkabel wird die Platine mit der Hauptplatine verbunden. Der Boardcomputer des Obusses wird \u00fcber einen externen 25-poligen SUB-D Stecker an das Funkger\u00e4t angeschlossen. F\u00fcr den Einbau der Platine und den relativ gro\u00dfen SUB-D Stecker wurde eine kleine \u00d6ffnung in den Deckel des Funkger\u00e4tes gefr\u00e4st.<\/p>\n<p style=\"text-align: justify;\">\u00a0\u00a0<a href=\"\/wordpress\/wp-content\/uploads\/2015\/08\/Obus-Interface31.jpg\"><img decoding=\"async\" loading=\"lazy\" class=\"alignnone wp-image-448 size-medium\" src=\"https:\/\/hoermann-kmt.at\/wordpress\/wp-content\/uploads\/2015\/08\/Obus-Interface31-300x225.jpg\" alt=\"Obus Interface3\" width=\"300\" height=\"225\" srcset=\"https:\/\/hoermann-kmt.at\/wordpress\/wp-content\/uploads\/2015\/08\/Obus-Interface31-300x225.jpg 300w, https:\/\/hoermann-kmt.at\/wordpress\/wp-content\/uploads\/2015\/08\/Obus-Interface31-1024x768.jpg 1024w, https:\/\/hoermann-kmt.at\/wordpress\/wp-content\/uploads\/2015\/08\/Obus-Interface31-200x150.jpg 200w, https:\/\/hoermann-kmt.at\/wordpress\/wp-content\/uploads\/2015\/08\/Obus-Interface31-150x112.jpg 150w, https:\/\/hoermann-kmt.at\/wordpress\/wp-content\/uploads\/2015\/08\/Obus-Interface31.jpg 1400w\" sizes=\"(max-width: 300px) 100vw, 300px\" \/><\/a>\u00a0 <a href=\"\/wordpress\/wp-content\/uploads\/2015\/08\/Funkgeraet-offen.jpg\"><img decoding=\"async\" loading=\"lazy\" class=\"alignnone wp-image-455 size-medium\" src=\"https:\/\/hoermann-kmt.at\/wordpress\/wp-content\/uploads\/2015\/08\/Funkgeraet-offen-300x225.jpg\" alt=\"Funkgeraet offen\" width=\"300\" height=\"225\" srcset=\"https:\/\/hoermann-kmt.at\/wordpress\/wp-content\/uploads\/2015\/08\/Funkgeraet-offen-300x225.jpg 300w, https:\/\/hoermann-kmt.at\/wordpress\/wp-content\/uploads\/2015\/08\/Funkgeraet-offen-1024x768.jpg 1024w, https:\/\/hoermann-kmt.at\/wordpress\/wp-content\/uploads\/2015\/08\/Funkgeraet-offen-200x150.jpg 200w, https:\/\/hoermann-kmt.at\/wordpress\/wp-content\/uploads\/2015\/08\/Funkgeraet-offen-150x112.jpg 150w, https:\/\/hoermann-kmt.at\/wordpress\/wp-content\/uploads\/2015\/08\/Funkgeraet-offen.jpg 1400w\" sizes=\"(max-width: 300px) 100vw, 300px\" \/><\/a>\u00a0 \u00a0<a href=\"\/wordpress\/wp-content\/uploads\/2015\/08\/tait_funkgeraete1.jpg\"><img decoding=\"async\" loading=\"lazy\" class=\"alignnone wp-image-449 size-medium\" src=\"https:\/\/hoermann-kmt.at\/wordpress\/wp-content\/uploads\/2015\/08\/tait_funkgeraete1-300x225.jpg\" alt=\"tait_funkgeraete\" width=\"300\" height=\"225\" srcset=\"https:\/\/hoermann-kmt.at\/wordpress\/wp-content\/uploads\/2015\/08\/tait_funkgeraete1-300x225.jpg 300w, https:\/\/hoermann-kmt.at\/wordpress\/wp-content\/uploads\/2015\/08\/tait_funkgeraete1-1024x768.jpg 1024w, https:\/\/hoermann-kmt.at\/wordpress\/wp-content\/uploads\/2015\/08\/tait_funkgeraete1-200x150.jpg 200w, https:\/\/hoermann-kmt.at\/wordpress\/wp-content\/uploads\/2015\/08\/tait_funkgeraete1-150x112.jpg 150w, https:\/\/hoermann-kmt.at\/wordpress\/wp-content\/uploads\/2015\/08\/tait_funkgeraete1.jpg 1400w\" sizes=\"(max-width: 300px) 100vw, 300px\" \/><\/a><\/p>\n","protected":false},"excerpt":{"rendered":"<p>F\u00fcr die Obusse der Salzburg AG haben wir gemeinsam mit der Firma\u00a0Embedded Microtec ein spezielles Funkger\u00e4teinterface entwickelt. Dieses erm\u00f6glicht dem Boardcomputer des Obusses \u00fcber das bestehende Funknetz im Stadtgebiet Salzburg mit der Zentrale zu kommunizieren. Da das bisher verwendete Motorola Funkger\u00e4t nicht mehr produziert wird, mussten wir uns nach einer \u2026 <a class=\"continue-reading-link\" href=\"https:\/\/hoermann-kmt.at\/wordpress\/individuelle-kundenloesungen\/obus-funkinterface\/\"> Continue reading <span class=\"meta-nav\">&rarr; <\/span><\/a><\/p>\n","protected":false},"author":1,"featured_media":0,"parent":68,"menu_order":0,"comment_status":"closed","ping_status":"closed","template":"templates\/template-onecolumn.php","meta":[],"aioseo_notices":[],"_links":{"self":[{"href":"https:\/\/hoermann-kmt.at\/wordpress\/wp-json\/wp\/v2\/pages\/443"}],"collection":[{"href":"https:\/\/hoermann-kmt.at\/wordpress\/wp-json\/wp\/v2\/pages"}],"about":[{"href":"https:\/\/hoermann-kmt.at\/wordpress\/wp-json\/wp\/v2\/types\/page"}],"author":[{"embeddable":true,"href":"https:\/\/hoermann-kmt.at\/wordpress\/wp-json\/wp\/v2\/users\/1"}],"replies":[{"embeddable":true,"href":"https:\/\/hoermann-kmt.at\/wordpress\/wp-json\/wp\/v2\/comments?post=443"}],"version-history":[{"count":9,"href":"https:\/\/hoermann-kmt.at\/wordpress\/wp-json\/wp\/v2\/pages\/443\/revisions"}],"predecessor-version":[{"id":541,"href":"https:\/\/hoermann-kmt.at\/wordpress\/wp-json\/wp\/v2\/pages\/443\/revisions\/541"}],"up":[{"embeddable":true,"href":"https:\/\/hoermann-kmt.at\/wordpress\/wp-json\/wp\/v2\/pages\/68"}],"wp:attachment":[{"href":"https:\/\/hoermann-kmt.at\/wordpress\/wp-json\/wp\/v2\/media?parent=443"}],"curies":[{"name":"wp","href":"https:\/\/api.w.org\/{rel}","templated":true}]}}