{"id":477,"date":"2016-03-22T09:04:56","date_gmt":"2016-03-22T09:04:56","guid":{"rendered":"http:\/\/hoermann-kmt.at\/wordpress\/?page_id=477"},"modified":"2019-03-19T15:56:48","modified_gmt":"2019-03-19T15:56:48","slug":"kontaktuebertragung","status":"publish","type":"page","link":"https:\/\/hoermann-kmt.at\/wordpress\/produkte\/kontaktuebertragung\/","title":{"rendered":"Kontakt\u00fcbertragung"},"content":{"rendered":"<p style=\"text-align: justify;\">Die drahtlose Kontakt\u00fcbertragung wurde entwickelt, um einen elektrischen Schaltkontakt per Funk an\u00a0eine entfernte Empfangseinheit zu senden, die ihrerseits genau den Zustand dieses Kontakts\u00a0wiedergibt.<br \/>\nDie Kontakt\u00fcbertragung ist ideal f\u00fcr Anwendungen, die die \u00dcbertragung eines elektrischen Zustands\u00a0\u00fcber kurze bis mittlere Entfernungen erfordern, bei denen es aber unpraktikabel oder einfach\u00a0unm\u00f6glich ist, f\u00fcr die \u00dcbertragung ein Kabel zu verwenden.\u00a0Es stehen drei Eing\u00e4nge zur Verf\u00fcgung, die an drei potentialfreien Ausg\u00e4ngen ausgegeben werden. Ein\u00a0weiterer Ausgangskontakt zeigt den Zustand der Funkverbindung an (wenn die Funkverbindung aktiv\u00a0ist, ist der Ausgangskontakt geschlossen).<\/p>\n<p><strong>Besonderheiten<\/strong><\/p>\n<ul>\n<li>\u00dcbertragung von bis zu drei unterschiedlichen Eing\u00e4ngen<\/li>\n<li>Anzeige einer erfolgreichen Funkverbindung zwischen Sender und Empf\u00e4nger<\/li>\n<li>\u00dcbertragung an einen oder an mehrere Empf\u00e4nger<\/li>\n<li>Bidirektionale \u00dcbertragung von Eingangszust\u00e4nden im Punkt-zu-Punkt Modus (Empf\u00e4nger-Eing\u00e4nge werden am Sender ausgegeben)<\/li>\n<li>Hohe Sendeleistung und damit hohe Reichweite<\/li>\n<li>Messung der Empfangsqualit\u00e4t (analoger Ausgang)<\/li>\n<li>Regelm\u00e4\u00dfige \u00dcberpr\u00fcfung der Funkstrecke<\/li>\n<li>Erkennung und Anzeige eines Ausfalls der Funkstrecke<\/li>\n<\/ul>\n<p><strong>Anwendungen<\/strong><\/p>\n<ul>\n<li>\u00dcbertragung von T\u00fcrkontakten<\/li>\n<li>Schalten von entfernten Ger\u00e4ten (z.B. Pumpen u.\u00e4.)<\/li>\n<li>Steuerung einer entfernten Sirene<\/li>\n<\/ul>\n<p><a href=\"\/wordpress\/wp-content\/uploads\/2016\/03\/rx_tx_einheiten.jpg\"><img decoding=\"async\" loading=\"lazy\" class=\"alignnone wp-image-482\" src=\"http:\/\/hoermann-kmt.at\/wordpress\/wp-content\/uploads\/2016\/03\/rx_tx_einheiten-293x300.jpg\" alt=\"rx_tx_einheiten\" width=\"200\" height=\"205\" srcset=\"https:\/\/hoermann-kmt.at\/wordpress\/wp-content\/uploads\/2016\/03\/rx_tx_einheiten-293x300.jpg 293w, https:\/\/hoermann-kmt.at\/wordpress\/wp-content\/uploads\/2016\/03\/rx_tx_einheiten-1000x1024.jpg 1000w, https:\/\/hoermann-kmt.at\/wordpress\/wp-content\/uploads\/2016\/03\/rx_tx_einheiten-146x150.jpg 146w, https:\/\/hoermann-kmt.at\/wordpress\/wp-content\/uploads\/2016\/03\/rx_tx_einheiten.jpg 1280w\" sizes=\"(max-width: 200px) 100vw, 200px\" \/><\/a>\u00a0 \u00a0<a href=\"\/wordpress\/wp-content\/uploads\/2016\/03\/rx_tx_liegend.jpg\"><img decoding=\"async\" loading=\"lazy\" class=\"alignnone wp-image-484\" src=\"http:\/\/hoermann-kmt.at\/wordpress\/wp-content\/uploads\/2016\/03\/rx_tx_liegend-300x168.jpg\" alt=\"rx_tx_liegend\" width=\"200\" height=\"113\" srcset=\"https:\/\/hoermann-kmt.at\/wordpress\/wp-content\/uploads\/2016\/03\/rx_tx_liegend-300x168.jpg 300w, https:\/\/hoermann-kmt.at\/wordpress\/wp-content\/uploads\/2016\/03\/rx_tx_liegend-1024x576.jpg 1024w, https:\/\/hoermann-kmt.at\/wordpress\/wp-content\/uploads\/2016\/03\/rx_tx_liegend-250x140.jpg 250w, https:\/\/hoermann-kmt.at\/wordpress\/wp-content\/uploads\/2016\/03\/rx_tx_liegend-150x84.jpg 150w, https:\/\/hoermann-kmt.at\/wordpress\/wp-content\/uploads\/2016\/03\/rx_tx_liegend.jpg 1280w\" sizes=\"(max-width: 200px) 100vw, 200px\" \/><\/a>\u00a0<a href=\"\/wordpress\/wp-content\/uploads\/2016\/03\/rx_tx_pinout.png\"><img decoding=\"async\" loading=\"lazy\" class=\"alignnone wp-image-483\" src=\"http:\/\/hoermann-kmt.at\/wordpress\/wp-content\/uploads\/2016\/03\/rx_tx_pinout-300x240.png\" alt=\"rx_tx_pinout\" width=\"200\" height=\"160\" srcset=\"https:\/\/hoermann-kmt.at\/wordpress\/wp-content\/uploads\/2016\/03\/rx_tx_pinout-300x240.png 300w, https:\/\/hoermann-kmt.at\/wordpress\/wp-content\/uploads\/2016\/03\/rx_tx_pinout-1024x819.png 1024w, https:\/\/hoermann-kmt.at\/wordpress\/wp-content\/uploads\/2016\/03\/rx_tx_pinout-187x150.png 187w, https:\/\/hoermann-kmt.at\/wordpress\/wp-content\/uploads\/2016\/03\/rx_tx_pinout-150x120.png 150w, https:\/\/hoermann-kmt.at\/wordpress\/wp-content\/uploads\/2016\/03\/rx_tx_pinout.png 1280w\" sizes=\"(max-width: 200px) 100vw, 200px\" \/><\/a><\/p>\n","protected":false},"excerpt":{"rendered":"<p>Die drahtlose Kontakt\u00fcbertragung wurde entwickelt, um einen elektrischen Schaltkontakt per Funk an\u00a0eine entfernte Empfangseinheit zu senden, die ihrerseits genau den Zustand dieses Kontakts\u00a0wiedergibt. Die Kontakt\u00fcbertragung ist ideal f\u00fcr Anwendungen, die die \u00dcbertragung eines elektrischen Zustands\u00a0\u00fcber kurze bis mittlere Entfernungen erfordern, bei denen es aber unpraktikabel oder einfach\u00a0unm\u00f6glich ist, f\u00fcr die \u2026 <a class=\"continue-reading-link\" href=\"https:\/\/hoermann-kmt.at\/wordpress\/produkte\/kontaktuebertragung\/\"> Continue reading <span class=\"meta-nav\">&rarr; <\/span><\/a><\/p>\n","protected":false},"author":1,"featured_media":0,"parent":11,"menu_order":0,"comment_status":"closed","ping_status":"closed","template":"","meta":[],"aioseo_notices":[],"_links":{"self":[{"href":"https:\/\/hoermann-kmt.at\/wordpress\/wp-json\/wp\/v2\/pages\/477"}],"collection":[{"href":"https:\/\/hoermann-kmt.at\/wordpress\/wp-json\/wp\/v2\/pages"}],"about":[{"href":"https:\/\/hoermann-kmt.at\/wordpress\/wp-json\/wp\/v2\/types\/page"}],"author":[{"embeddable":true,"href":"https:\/\/hoermann-kmt.at\/wordpress\/wp-json\/wp\/v2\/users\/1"}],"replies":[{"embeddable":true,"href":"https:\/\/hoermann-kmt.at\/wordpress\/wp-json\/wp\/v2\/comments?post=477"}],"version-history":[{"count":6,"href":"https:\/\/hoermann-kmt.at\/wordpress\/wp-json\/wp\/v2\/pages\/477\/revisions"}],"predecessor-version":[{"id":546,"href":"https:\/\/hoermann-kmt.at\/wordpress\/wp-json\/wp\/v2\/pages\/477\/revisions\/546"}],"up":[{"embeddable":true,"href":"https:\/\/hoermann-kmt.at\/wordpress\/wp-json\/wp\/v2\/pages\/11"}],"wp:attachment":[{"href":"https:\/\/hoermann-kmt.at\/wordpress\/wp-json\/wp\/v2\/media?parent=477"}],"curies":[{"name":"wp","href":"https:\/\/api.w.org\/{rel}","templated":true}]}}