{"id":49,"date":"2014-06-17T08:56:35","date_gmt":"2014-06-17T08:56:35","guid":{"rendered":"http:\/\/hoermann-kmt.at\/wordpress\/?page_id=49"},"modified":"2023-11-23T09:16:12","modified_gmt":"2023-11-23T09:16:12","slug":"impressum","status":"publish","type":"page","link":"https:\/\/hoermann-kmt.at\/wordpress\/impressum\/","title":{"rendered":"Impressum"},"content":{"rendered":"<p style=\"text-align: justify;\"><strong>Impressum &amp; Datenschutzerkl\u00e4rung <\/strong><\/p>\n<p style=\"text-align: justify;\">Das Internetangebot wird herausgegeben von:<\/p>\n<p style=\"text-align: justify;\">H\u00d6RMANN &#8211; KMT<br \/>\nKommunikations- und Meldetechnik GmbH.<\/p>\n<p style=\"text-align: justify;\">Eugen-M\u00fcller-Strasse 14<br \/>\nA-5020 Salzburg<\/p>\n<p style=\"text-align: justify;\">Telefon: +43 662 \/ 429372 &#8211; 0<br \/>\nTelefax: +43 662 \/ 429372 &#8211; 80<\/p>\n<p style=\"text-align: justify;\">E-Mail: <a href=\"mailto:office@hoermann-kmt.at\">office@hoermann-kmt.at<\/a><br \/>\nInternet: <a href=\"https:\/\/www.hoermann-kmt.at\">www.hoermann-kmt.at <\/a><\/p>\n<p style=\"text-align: justify;\">Vertretungsberechtigter Gesch\u00e4ftsf\u00fchrer: Herr Ing. Alois Berghammer<br \/>\nRegistergericht: Landesgericht SALZBURG<br \/>\nRegistriernummer: 164825s<br \/>\nUmsatzsteuer-Identifikationsnummer gem\u00e4\u00df Art. 28 Umsatzsteuergesetz: ATU 43757305<\/p>\n<p style=\"text-align: justify;\"><strong>Hinweis: <\/strong><\/p>\n<p style=\"text-align: justify;\">F\u00fcr Vollst\u00e4ndigkeit, Fehler redaktioneller und technischer Art, Auslassungen usw. sowie die Richtigkeit der Eintragungen kann keine Haftung \u00fcbernommen werden.<\/p>\n<p style=\"text-align: justify;\">Insbesondere kann keine Gew\u00e4hr f\u00fcr die Vollst\u00e4ndigkeit und Richtigkeit von Informationen \u00fcbernommen werden, die \u00fcber weiterf\u00fchrende Links erreicht werden.<\/p>\n<p style=\"text-align: justify;\">Anbieter sind f\u00fcr die eigenen Inhalte, die sie zur Nutzung bereithalten, nach den allgemeinen Gesetzen verantwortlich. Von diesen eigenen Inhalten sind Querverweise auf die von anderen Anbietern bereitgehaltenen Inhalte zu unterscheiden.<\/p>\n<p style=\"text-align: justify;\">Die Verweise durch Hyperlinks auf Inhalte fremder Webseiten dienen lediglich der Information.<\/p>\n<p style=\"text-align: justify;\">Die Verantwortlichkeit f\u00fcr diese fremden Inhalte liegt alleine bei dem Anbieter, der die Inhalte bereith\u00e4lt. Vor dem Einrichten des entsprechenden Verweises sind die Webseiten der anderen Anbieter mit gro\u00dfer Sorgfalt und nach bestem Wissen und Gewissen \u00fcberpr\u00fcft worden. Es kann jedoch keine Gew\u00e4hr f\u00fcr die Vollst\u00e4ndigkeit und Richtigkeit von Informationen \u00fcbernommen werden, die \u00fcber weiterf\u00fchrende Hyperlinks erreicht werden. Der Inhalt der externen Seiten kann jederzeit ohne Wissen der H\u00d6RMANN &#8211; KMT ge\u00e4ndert werden.<\/p>\n<p style=\"text-align: justify;\">F\u00fcr s\u00e4mtliche Links auf unserer Webseite gilt:<\/p>\n<p style=\"text-align: justify;\">Wir betonen, dass wir keinen Einfluss auf die Gestaltung und die Inhalte der durch Link von unserer Webseite aus erreichbaren Seiten anderer Anbieter haben und uns deren Inhalt nicht zu eigen machen. Diese Erkl\u00e4rung gilt f\u00fcr alle Seiten dieser Homepage und die dort angebrachten Links.<\/p>\n<p style=\"text-align: justify;\">Falls die Webseite der H\u00d6RMANN &#8211; KMT auf Seiten verweist, deren Inhalt Anlass zur Beanstandung gibt, bitten wir um Mitteilung.<\/p>\n<p style=\"text-align: justify;\">Die H\u00d6RMANN &#8211; KMT beh\u00e4lt sich das Recht vor, ohne vorherige Ank\u00fcndigung die bereitgestellten Informationen zu \u00e4ndern, zu erg\u00e4nzen oder zu entfernen.<\/p>\n<p style=\"text-align: justify;\"><strong>Copyright: <\/strong><\/p>\n<p style=\"text-align: justify;\">Die Inhalte unserer Webseite sind urheberrechtlich gesch\u00fctzt. S\u00e4mtliche Rechte, im Besonderen die der Vervielf\u00e4ltigung, der \u00dcbersetzung, der Verwendung in elektronischen\/mechanischen Systemen und die Wiedergabe der Inhalte in jeglicher Form beh\u00e4lt sich der Urheber vor. Auch die Verbreitung der Inhalte dieser Seiten und deren Auswertung unterliegen dem Urheber.<\/p>\n<p style=\"text-align: justify;\">Die Nutzung der Texte und Abbildungen, im Ganzen oder auszugsweise, bedarf der ausdr\u00fccklichen schriftlichen Zustimmung der H\u00d6RMANN &#8211; KMT.<\/p>\n<p style=\"text-align: justify;\"><strong>Kein Vertragsangebot und keine Beratung: <\/strong><\/p>\n<p style=\"text-align: justify;\">Die Inhalte dieser Webseite stellen weder ein Vertragsangebot noch eine Finanz- oder sonstige Beratung dar. Es werden unverbindlich Produkte und Systeme vorgestellt und Produktinformationen mitgeteilt. Diese Informationen enthalten insbesondere keine Eigenschaftszusicherungen. Durch das Vorhalten von Inhalten auf der Webseite beziehungsweise durch deren Aufruf geht der Anbieter mit dem Nutzer keinerlei vertragliche Beziehung ein.<\/p>\n<p style=\"text-align: justify;\">Die Webseite bietet insbesondere keinen Ersatz f\u00fcr eine Beratung in Produkt- \/ Systemeinsatz oder sonstigen Angelegenheiten. Keiner der Inhalte unserer Webseite ist als Empfehlung zu verstehen, bestimmte Produktverwendungen vorzunehmen oder zu unterlassen, ohne zuvor eine die Bed\u00fcrfnisse und die Gesamtsituation des Nutzers ber\u00fccksichtigende individuelle Beratung einzuholen.<\/p>\n<p style=\"text-align: justify;\">Verbindliche Informationen werden ausschlie\u00dflich auf Nachfrage durch die jeweils zust\u00e4ndigen Mitarbeiter der H\u00d6RMANN &#8211; KMT oder durch autorisierte Vertriebspartner erteilt. Einen zust\u00e4ndigen Ansprechpartner k\u00f6nnen Sie unter folgender E-Mail-Adresse erfragen: <a href=\"mailto:office@hoermann-kmt.at\">office@hoermann-kmt.at <\/a><\/p>\n<p style=\"text-align: justify;\"><strong>Datenschutzerkl\u00e4rung <\/strong><\/p>\n<p style=\"text-align: justify;\">Die H\u00d6RMANN &#8211; KMT nimmt den Schutz Ihrer personenbezogenen Daten sehr ernst. Wir m\u00f6chten, dass Sie wissen, wann wir welche Daten erheben und wie wir sie verwenden. Wir haben technische und organisatorische Ma\u00dfnahmen getroffen, die sicherstellen, dass die Vorschriften \u00fcber den Datenschutz sowohl von uns als auch von externen Dienstleistern beachtet werden.<\/p>\n<p style=\"text-align: justify;\">Im Zuge der Weiterentwicklung unserer Webseite und der Implementierung neuer Technologien, um unseren Service f\u00fcr Sie zu verbessern, k\u00f6nnen auch \u00c4nderungen dieser Datenschutzerkl\u00e4rung erforderlich werden. Daher empfehlen wir Ihnen, sich diese Datenschutzerkl\u00e4rung ab und zu erneut durchzulesen.<\/p>\n<p style=\"text-align: justify;\"><strong>Anonyme Datenerhebung <\/strong><\/p>\n<p style=\"text-align: justify;\">Sie k\u00f6nnen unsere Webseite grunds\u00e4tzlich besuchen, ohne uns mitzuteilen, wer Sie sind. In den unvermeidlichen Serverstatistiken werden automatisch solche Daten gespeichert, die Ihr Browser an uns \u00fcbermittelt. Dies sind:<\/p>\n<ul>\n<li>Browsertyp\/ -version<\/li>\n<li>verwendetes Betriebssystem<\/li>\n<li>Referrer URL (die zuvor besuchte Seite)<\/li>\n<li>Hostname des zugreifenden Rechners (IP Adresse)<\/li>\n<li>Uhrzeit der Serveranfrage.<\/li>\n<\/ul>\n<p style=\"text-align: justify;\">Diese Informationen werden zu statistischen Zwecken ausgewertet. Sie bleiben als einzelner Nutzer hierbei anonym.<\/p>\n<p style=\"text-align: justify;\"><strong>Erhebung und Verarbeitung personenbezogener Daten <\/strong><\/p>\n<p style=\"text-align: justify;\">Personenbezogene Daten werden auf unser, der reinen Kundeninformation dienenden Webseite, nicht erhoben.<\/p>\n<p style=\"text-align: justify;\"><strong>Nutzung und Weitergabe personenbezogener Daten <\/strong><\/p>\n<p style=\"text-align: justify;\">Da auf unseren Seiten zum Informationsabruf keine personenbezogenen Daten erhoben werden, kann auch keine Nutzung und Weitergabe erfolgen.<\/p>\n<p style=\"text-align: justify;\"><strong>Links zu Webseiten anderer Anbieter <\/strong><\/p>\n<p style=\"text-align: justify;\">Unsere Webseite enth\u00e4lt Links zu externen Webseiten. Wir haben keinen Einfluss darauf, dass diese Anbieter die Datenschutzbestimmungen einhalten. Wenn Sie weitere Fragen zur Behandlung Ihrer Daten haben, dann senden Sie einfach eine Mail an <a href=\"mailto:office@hoermann-kmt.at\">office@hoermann-kmt.at<\/a><\/p>\n","protected":false},"excerpt":{"rendered":"<p>Impressum &amp; Datenschutzerkl\u00e4rung Das Internetangebot wird herausgegeben von: H\u00d6RMANN &#8211; KMT Kommunikations- und Meldetechnik GmbH. Eugen-M\u00fcller-Strasse 14 A-5020 Salzburg Telefon: +43 662 \/ 429372 &#8211; 0 Telefax: +43 662 \/ 429372 &#8211; 80 E-Mail: office@hoermann-kmt.at Internet: www.hoermann-kmt.at Vertretungsberechtigter Gesch\u00e4ftsf\u00fchrer: Herr Ing. Alois Berghammer Registergericht: Landesgericht SALZBURG Registriernummer: 164825s Umsatzsteuer-Identifikationsnummer gem\u00e4\u00df \u2026 <a class=\"continue-reading-link\" href=\"https:\/\/hoermann-kmt.at\/wordpress\/impressum\/\"> Continue reading <span class=\"meta-nav\">&rarr; <\/span><\/a><\/p>\n","protected":false},"author":1,"featured_media":0,"parent":0,"menu_order":0,"comment_status":"closed","ping_status":"closed","template":"","meta":[],"aioseo_notices":[],"_links":{"self":[{"href":"https:\/\/hoermann-kmt.at\/wordpress\/wp-json\/wp\/v2\/pages\/49"}],"collection":[{"href":"https:\/\/hoermann-kmt.at\/wordpress\/wp-json\/wp\/v2\/pages"}],"about":[{"href":"https:\/\/hoermann-kmt.at\/wordpress\/wp-json\/wp\/v2\/types\/page"}],"author":[{"embeddable":true,"href":"https:\/\/hoermann-kmt.at\/wordpress\/wp-json\/wp\/v2\/users\/1"}],"replies":[{"embeddable":true,"href":"https:\/\/hoermann-kmt.at\/wordpress\/wp-json\/wp\/v2\/comments?post=49"}],"version-history":[{"count":5,"href":"https:\/\/hoermann-kmt.at\/wordpress\/wp-json\/wp\/v2\/pages\/49\/revisions"}],"predecessor-version":[{"id":562,"href":"https:\/\/hoermann-kmt.at\/wordpress\/wp-json\/wp\/v2\/pages\/49\/revisions\/562"}],"wp:attachment":[{"href":"https:\/\/hoermann-kmt.at\/wordpress\/wp-json\/wp\/v2\/media?parent=49"}],"curies":[{"name":"wp","href":"https:\/\/api.w.org\/{rel}","templated":true}]}}