{"id":58,"date":"2014-06-17T09:34:50","date_gmt":"2014-06-17T09:34:50","guid":{"rendered":"http:\/\/hoermann-kmt.at\/wordpress\/?page_id=58"},"modified":"2019-03-19T15:12:56","modified_gmt":"2019-03-19T15:12:56","slug":"pocsag-sender","status":"publish","type":"page","link":"https:\/\/hoermann-kmt.at\/wordpress\/individuelle-kundenloesungen\/pocsag-sender\/","title":{"rendered":"POCSAG-Sender"},"content":{"rendered":"<p style=\"color: #6a6767; text-align: left;\">POCSAG&nbsp;(<span style=\"font-weight: inherit; font-style: inherit;\">Post Office Code Standard Advisory Group<\/span>) ist ein digitales Pagerprotokoll, das es erlaubt, kurze Textnachrichten an digitale Pager zu senden, die dann im Display des Pagers angezeigt werden. Dieses System wird vor allem f\u00fcr die digitale Alarmierung von Feuerwehr und Rettung verwendet.<\/p>\n<p style=\"color: #6a6767; text-align: left;\">Ein gro\u00dfes Unternehmen des Lebensmittelhandels in \u00d6sterreich suchte eine M\u00f6glichkeit, seine Mitarbeiter \u00fcber bestimmte Aktionen zu informieren. Ein erster Anwendungsfall war die Benachrichtigung \u00fcber fertig gebackenes Geb\u00e4ck in den neuen Backstationen. Als L\u00f6sung entwickelten wir gemeinsam mit der Firma <a href=\"http:\/\/emicrotec.at\/\" target=\"_blank\" rel=\"noopener noreferrer\">Embedded Microtec<\/a> einen POCSAG Sender, der auf handels\u00fcbliche Pager vorkonfigurierbare Textnachrichten schicken kann.<\/p>\n<p style=\"color: #6a6767; text-align: left;\">Der Sender bietet 8 potentialfreie Eing\u00e4nge, die mit verschiedenen Pageradressen und unterschiedlichen Texten programmiert werden k\u00f6nnen. So kann z.B. auch ein Rufsystem realisiert werden, wenn Mitarbeiter dringend an bestimmter Stelle (z.B. an der Kassa) ben\u00f6tigt werden.<\/p>\n<p style=\"color: #6a6767; text-align: left;\">Die Konfiguration der Adressen, der hinterlegten Texte, der Sendefrequenz und der Sendeleistung des Senders wird direkt \u00fcber USB vorgenommen.&nbsp;Ein spezielle Software ist daf\u00fcr nicht n\u00f6tig.<\/p>\n<table class=\"hofer_pics table_no_border\">\n<tbody>\n<tr>\n<td><a href=\"\/wordpress\/wp-content\/uploads\/2014\/06\/pocsag1_homepage.jpg\"><img decoding=\"async\" class=\"alignright\" src=\"\/wordpress\/wp-content\/uploads\/2014\/06\/pocsag1_homepage.jpg\" alt=\"pocsag1_homepage\" width=\"300\"><\/a><\/td>\n<td><a href=\"\/wordpress\/wp-content\/uploads\/2014\/06\/pocsag_homepage.jpg\"><img decoding=\"async\" class=\"alignleft\" src=\"\/wordpress\/wp-content\/uploads\/2014\/06\/pocsag_homepage.jpg\" alt=\"pocsag_homepage\" width=\"300\"><\/a><\/td>\n<\/tr>\n<\/tbody>\n<\/table>\n","protected":false},"excerpt":{"rendered":"<p>POCSAG&nbsp;(Post Office Code Standard Advisory Group) ist ein digitales Pagerprotokoll, das es erlaubt, kurze Textnachrichten an digitale Pager zu senden, die dann im Display des Pagers angezeigt werden. Dieses System wird vor allem f\u00fcr die digitale Alarmierung von Feuerwehr und Rettung verwendet. Ein gro\u00dfes Unternehmen des Lebensmittelhandels in \u00d6sterreich suchte \u2026 <a class=\"continue-reading-link\" href=\"https:\/\/hoermann-kmt.at\/wordpress\/individuelle-kundenloesungen\/pocsag-sender\/\"> Continue reading <span class=\"meta-nav\">&rarr; <\/span><\/a><\/p>\n","protected":false},"author":1,"featured_media":0,"parent":68,"menu_order":0,"comment_status":"closed","ping_status":"closed","template":"templates\/template-onecolumn.php","meta":[],"aioseo_notices":[],"_links":{"self":[{"href":"https:\/\/hoermann-kmt.at\/wordpress\/wp-json\/wp\/v2\/pages\/58"}],"collection":[{"href":"https:\/\/hoermann-kmt.at\/wordpress\/wp-json\/wp\/v2\/pages"}],"about":[{"href":"https:\/\/hoermann-kmt.at\/wordpress\/wp-json\/wp\/v2\/types\/page"}],"author":[{"embeddable":true,"href":"https:\/\/hoermann-kmt.at\/wordpress\/wp-json\/wp\/v2\/users\/1"}],"replies":[{"embeddable":true,"href":"https:\/\/hoermann-kmt.at\/wordpress\/wp-json\/wp\/v2\/comments?post=58"}],"version-history":[{"count":28,"href":"https:\/\/hoermann-kmt.at\/wordpress\/wp-json\/wp\/v2\/pages\/58\/revisions"}],"predecessor-version":[{"id":511,"href":"https:\/\/hoermann-kmt.at\/wordpress\/wp-json\/wp\/v2\/pages\/58\/revisions\/511"}],"up":[{"embeddable":true,"href":"https:\/\/hoermann-kmt.at\/wordpress\/wp-json\/wp\/v2\/pages\/68"}],"wp:attachment":[{"href":"https:\/\/hoermann-kmt.at\/wordpress\/wp-json\/wp\/v2\/media?parent=58"}],"curies":[{"name":"wp","href":"https:\/\/api.w.org\/{rel}","templated":true}]}}