{"id":98,"date":"2014-06-17T12:52:36","date_gmt":"2014-06-17T12:52:36","guid":{"rendered":"http:\/\/hoermann-kmt.at\/wordpress\/?page_id=98"},"modified":"2019-03-19T16:00:26","modified_gmt":"2019-03-19T16:00:26","slug":"ecn-elektronische-sirene","status":"publish","type":"page","link":"https:\/\/hoermann-kmt.at\/wordpress\/produkte\/sirenentechnik\/ecn-elektronische-sirene\/","title":{"rendered":"ECN &#8211; Elektronische Sirene"},"content":{"rendered":"<p><span style=\"color: #3d3d3d;\">Die leistungsstarken elektronischen Sirenen der ECN-Reihe kommen national und international in den verschiedensten Sirenenwarnsystemen zum Einsatz. Die jeweiligen ECN-Sirenen unterscheiden sich in ihrer h\u00f6rbaren Reichweite, so dass wir je nach Gr\u00f6\u00dfe und Beschaffenheit des zu beschallenden Gebietes unseren Kunden die richtige Sirenen anbieten k\u00f6nnen, ohne bei der Technik und Funktionalit\u00e4t Einschr\u00e4nkungen machen zu m\u00fcssen.<\/span><\/p>\n<p style=\"color: #3d3d3d;\"><b>Akustische Merkmale<\/b><\/p>\n<ul>\n<li>Schallausbreitung omnidirektional oder gerichtet<\/li>\n<li>Bis zu 10 kundenspezifische Alarmsignale k\u00f6nnen programmiert werden<\/li>\n<li>Sprachf\u00e4higkeit \u2013 Gespeicherte Textnachrichten und\/oder live Sprachdurchsagen \u00fcber Mikrofon<\/li>\n<li>Extrem hoher Wirkungsgrad dB\/W<\/li>\n<\/ul>\n<p style=\"color: #3d3d3d;\"><b>Funktionen<\/b><\/p>\n<ul>\n<li>Fernausl\u00f6sung \u00fcber Funk \/\/ Draht \/\/ GSM \/\/ RDS\/WARI<\/li>\n<li>Lokale Ausl\u00f6sung \/\/ Test \/\/ Stiller Test<\/li>\n<li>Integrierte, automatische Selbst\u00fcberwachung \u2013 BITE (Built-In Test Equipment)<\/li>\n<\/ul>\n<p style=\"color: #3d3d3d;\"><b>Betriebsarten<\/b><\/p>\n<ul>\n<li>Lokale Ausl\u00f6sung<\/li>\n<li>Ausl\u00f6sung \u00fcber Fernsteuerung<\/li>\n<li>Ausl\u00f6sung \u00fcber abgesetztes Bedienterminal<\/li>\n<li>Sprachdurchsagen<\/li>\n<\/ul>\n<p style=\"color: #3d3d3d;\"><b>Technische Daten<\/b><\/p>\n<ul>\n<li>Stromversorgung 230V, 50Hz, 110V, 60Hz \u2013 optional \u00fcber Solarpanel<\/li>\n<li>Unabh\u00e4ngigkeit von der Netzspannung durch integrierte Batterien<\/li>\n<li>Lokale Bedieneinheit mit LCD-Display und Folientastatur<\/li>\n<li>Steuereinheit mit embedded ARM7-Prozessor<\/li>\n<li>RTX Echtzeit-Multitasking-Betriebssystem<\/li>\n<li>Freie RS232-Schnittstellen f\u00fcr Anbindung externer Endger\u00e4te wie Sensoren<\/li>\n<li>Freie digitale I\/O<\/li>\n<\/ul>\n<p style=\"color: #3d3d3d;\"><b>Mechanischen Daten<\/b><\/p>\n<ul>\n<li>19&#8243;-Europakarten-Technologie garantiert geringen Wartungsaufwand und einfache Erweiterbarkeit<\/li>\n<li>Keine beweglichen Teile wie L\u00fcfter oder Festplatten<\/li>\n<li>Sirenenschrank f\u00fcr Innen- und Au\u00dfenmontage erh\u00e4ltlich<\/li>\n<li>Sirenenkopf aus witterungsbest\u00e4ndigem Aluminium, flexibel konfigurierbar<\/li>\n<li>Sonderl\u00f6sungen f\u00fcr Betrieb bei extremen Umgebungstemperaturen erh\u00e4ltlich<\/li>\n<\/ul>\n<p style=\"padding-left: 30px;\"><a href=\"\/wordpress\/wp-content\/uploads\/2014\/06\/ecn_01.jpg\"><img decoding=\"async\" loading=\"lazy\" class=\"alignleft wp-image-111 size-full\" src=\"https:\/\/hoermann-kmt.at\/wordpress\/wp-content\/uploads\/2014\/06\/ecn_01.jpg\" alt=\"ecn_01\" width=\"480\" height=\"320\" srcset=\"https:\/\/hoermann-kmt.at\/wordpress\/wp-content\/uploads\/2014\/06\/ecn_01.jpg 480w, https:\/\/hoermann-kmt.at\/wordpress\/wp-content\/uploads\/2014\/06\/ecn_01-300x200.jpg 300w, https:\/\/hoermann-kmt.at\/wordpress\/wp-content\/uploads\/2014\/06\/ecn_01-225x150.jpg 225w, https:\/\/hoermann-kmt.at\/wordpress\/wp-content\/uploads\/2014\/06\/ecn_01-150x100.jpg 150w\" sizes=\"(max-width: 480px) 100vw, 480px\" \/><\/a><\/p>\n","protected":false},"excerpt":{"rendered":"<p>Die leistungsstarken elektronischen Sirenen der ECN-Reihe kommen national und international in den verschiedensten Sirenenwarnsystemen zum Einsatz. Die jeweiligen ECN-Sirenen unterscheiden sich in ihrer h\u00f6rbaren Reichweite, so dass wir je nach Gr\u00f6\u00dfe und Beschaffenheit des zu beschallenden Gebietes unseren Kunden die richtige Sirenen anbieten k\u00f6nnen, ohne bei der Technik und Funktionalit\u00e4t \u2026 <a class=\"continue-reading-link\" href=\"https:\/\/hoermann-kmt.at\/wordpress\/produkte\/sirenentechnik\/ecn-elektronische-sirene\/\"> Continue reading <span class=\"meta-nav\">&rarr; <\/span><\/a><\/p>\n","protected":false},"author":1,"featured_media":0,"parent":14,"menu_order":0,"comment_status":"closed","ping_status":"closed","template":"","meta":[],"aioseo_notices":[],"_links":{"self":[{"href":"https:\/\/hoermann-kmt.at\/wordpress\/wp-json\/wp\/v2\/pages\/98"}],"collection":[{"href":"https:\/\/hoermann-kmt.at\/wordpress\/wp-json\/wp\/v2\/pages"}],"about":[{"href":"https:\/\/hoermann-kmt.at\/wordpress\/wp-json\/wp\/v2\/types\/page"}],"author":[{"embeddable":true,"href":"https:\/\/hoermann-kmt.at\/wordpress\/wp-json\/wp\/v2\/users\/1"}],"replies":[{"embeddable":true,"href":"https:\/\/hoermann-kmt.at\/wordpress\/wp-json\/wp\/v2\/comments?post=98"}],"version-history":[{"count":7,"href":"https:\/\/hoermann-kmt.at\/wordpress\/wp-json\/wp\/v2\/pages\/98\/revisions"}],"predecessor-version":[{"id":548,"href":"https:\/\/hoermann-kmt.at\/wordpress\/wp-json\/wp\/v2\/pages\/98\/revisions\/548"}],"up":[{"embeddable":true,"href":"https:\/\/hoermann-kmt.at\/wordpress\/wp-json\/wp\/v2\/pages\/14"}],"wp:attachment":[{"href":"https:\/\/hoermann-kmt.at\/wordpress\/wp-json\/wp\/v2\/media?parent=98"}],"curies":[{"name":"wp","href":"https:\/\/api.w.org\/{rel}","templated":true}]}}